{"id":1853,"date":"2023-08-21T16:57:10","date_gmt":"2023-08-21T16:57:10","guid":{"rendered":"https:\/\/resetlab.uqo.ca\/index.php\/undergraduate-students\/"},"modified":"2025-07-15T16:11:16","modified_gmt":"2025-07-15T16:11:16","slug":"undergraduate-students","status":"publish","type":"page","link":"https:\/\/resetlab.uqo.ca\/en\/undergraduate-students\/","title":{"rendered":"Undergraduate students"},"content":{"rendered":"<section class=\"wpb-content-wrapper\"><p>[vc_row full_width=&#8221;stretch_row&#8221; css=&#8221;.vc_custom_1692632738891{padding-top: 7.85em !important;padding-bottom: 7.1em !important;background-color: #f6f6f6 !important;}&#8221;][vc_column]<div id=\"sc_content_1781446691\"\n\t\tclass=\"sc_content sc_content_default  vc_custom_1482922733637 sc_content_width_2_3\"><div class=\"sc_content_container\"><div id=\"sc_title_18546899\"\n\t\tclass=\"sc_title sc_title_default\"><h1 class=\"sc_item_title sc_title_title sc_align_center sc_item_title_style_default sc_item_title_tag\">Undergraduate students<\/h1><\/div><!-- \/.sc_title --><\/div><\/div><!-- \/.sc_content -->[\/vc_column][\/vc_row][vc_row full_width=&#8221;stretch_row&#8221; css=&#8221;.vc_custom_1692632843505{padding-top: 0.5em !important;padding-bottom: 0.51em !important;background-color: #eb6263 !important;}&#8221;][vc_column][\/vc_column][\/vc_row][vc_row full_width=&#8221;stretch_row&#8221; css=&#8221;.vc_custom_1482923596477{padding-top: 7.3em !important;padding-bottom: 10.55em !important;}&#8221;][vc_column]<div id=\"sc_title_477726625\"\n\t\tclass=\"sc_title sc_title_default  vc_custom_1744575480704\"><h3 class=\"sc_item_title sc_title_title sc_align_left sc_item_title_style_default sc_item_title_tag\">Oc\u00e9ane Aumond<\/h3><div class=\"sc_item_descr sc_title_descr sc_align_left\">Research assistant<\/div><\/div><!-- \/.sc_title -->[vc_row_inner][vc_column_inner width=&#8221;1\/2&#8243; css=&#8221;.vc_custom_1482923389126{padding-right: 5em !important;}&#8221;][vc_empty_space height=&#8221;60px&#8221; alter_height=&#8221;none&#8221; hide_on_mobile=&#8221;&#8221;][vc_column_text]Oc\u00e9ane (she\/her) is a 1st year undergraduate psychology student at the Universit\u00e9 du Qu\u00e9bec en Outaouais. She aims to pursue her studies up to a doctorate in clinical psychology and\/or research. She has several interests: issues related to sexuality (particularly healthy sexuality and sexuality in later life), trauma (especially sexual violence), attachment, and romantic relationships. She is curious to further understand how these dimensions influence one another and shape individual experiences.[\/vc_column_text][\/vc_column_inner][vc_column_inner width=&#8221;1\/2&#8243;][vc_single_image image=&#8221;2801&#8243; img_size=&#8221;large&#8221; alignment=&#8221;center&#8221; style=&#8221;vc_box_border_circle_2&#8243;][\/vc_column_inner][\/vc_row_inner][\/vc_column][\/vc_row][vc_row full_width=&#8221;stretch_row&#8221; css=&#8221;.vc_custom_1482923596477{padding-top: 7.3em !important;padding-bottom: 10.55em !important;}&#8221;][vc_column]<div id=\"sc_title_343681043\"\n\t\tclass=\"sc_title sc_title_default  vc_custom_1726371285977\"><h3 class=\"sc_item_title sc_title_title sc_align_left sc_item_title_style_default sc_item_title_tag\">Rose Berthelot<\/h3><div class=\"sc_item_descr sc_title_descr sc_align_left\">Research assistant<\/div><\/div><!-- \/.sc_title -->[vc_row_inner][vc_column_inner width=&#8221;1\/2&#8243; css=&#8221;.vc_custom_1482923389126{padding-right: 5em !important;}&#8221;][vc_empty_space height=&#8221;60px&#8221; alter_height=&#8221;none&#8221; hide_on_mobile=&#8221;&#8221;][vc_column_text]Rose (she\/her) is a first year undergraduate student in psychology at the Universit\u00e9 du Qu\u00e9bec en Outaouais. Her research interests are childhood trauma and its influence on adulthood. She wishes to continue her doctoral studies in clinical psychology.[\/vc_column_text][\/vc_column_inner][vc_column_inner width=&#8221;1\/2&#8243;][vc_single_image image=&#8221;2693&#8243; img_size=&#8221;large&#8221; alignment=&#8221;center&#8221; style=&#8221;vc_box_border_circle_2&#8243;][\/vc_column_inner][\/vc_row_inner][\/vc_column][\/vc_row][vc_row full_width=&#8221;stretch_row&#8221; css=&#8221;.vc_custom_1482923596477{padding-top: 7.3em !important;padding-bottom: 10.55em !important;}&#8221;][vc_column]<div id=\"sc_title_1359147815\"\n\t\tclass=\"sc_title sc_title_default  vc_custom_1732064497077\"><h3 class=\"sc_item_title sc_title_title sc_align_left sc_item_title_style_default sc_item_title_tag\">Suezy-Ann Boucher<\/h3><div class=\"sc_item_descr sc_title_descr sc_align_left\">Research assistant<\/div><\/div><!-- \/.sc_title -->[vc_row_inner][vc_column_inner width=&#8221;1\/2&#8243; css=&#8221;.vc_custom_1482923389126{padding-right: 5em !important;}&#8221;][vc_empty_space height=&#8221;60px&#8221; alter_height=&#8221;none&#8221; hide_on_mobile=&#8221;&#8221;][vc_column_text]Suezy-Ann (she\/her) is a second-year student in the Bachelor&#8217;s program in Psychology at the Universit\u00e9 du Qu\u00e9bec en Outaouais. She aspires to pursue a PhD in clinical psychology and aims to specialize in working with marginalized individuals. She is particularly interested in mental health issues, especially those related to identity, interpersonal trauma, and their impact on relationships.[\/vc_column_text][\/vc_column_inner][vc_column_inner width=&#8221;1\/2&#8243;][vc_single_image image=&#8221;2758&#8243; img_size=&#8221;large&#8221; alignment=&#8221;center&#8221; style=&#8221;vc_box_border_circle_2&#8243;][\/vc_column_inner][\/vc_row_inner][\/vc_column][\/vc_row][vc_row full_width=&#8221;stretch_row&#8221; css=&#8221;.vc_custom_1482923596477{padding-top: 7.3em !important;padding-bottom: 10.55em !important;}&#8221;][vc_column]<div id=\"sc_title_775578602\"\n\t\tclass=\"sc_title sc_title_default  vc_custom_1726947201519\"><h3 class=\"sc_item_title sc_title_title sc_align_left sc_item_title_style_default sc_item_title_tag\">Camille Demers-Lussier<\/h3><div class=\"sc_item_descr sc_title_descr sc_align_left\">Research assistant<\/div><\/div><!-- \/.sc_title -->[vc_row_inner][vc_column_inner width=&#8221;1\/2&#8243; css=&#8221;.vc_custom_1482923389126{padding-right: 5em !important;}&#8221;][vc_empty_space height=&#8221;60px&#8221; alter_height=&#8221;none&#8221; hide_on_mobile=&#8221;&#8221;][vc_column_text]Camille (she\/her) completed a bachelor&#8217;s degree in psychology at Universit\u00e9 de Montr\u00e9al (B.Sc). She is currently a doctoral candidate in clinical psychology (D.Psy) at the Universit\u00e9 du Qu\u00e9bec en Outaouais. She has been a research assistant in the Reset lab since April 2024. Her interests center on the impact of traumas experienced in childhood and adolescence and their effects on psychological and sexual well-being in adulthood. She is also interested in the reality of couples from within the 2SLGBTQIA+ community.[\/vc_column_text][\/vc_column_inner][vc_column_inner width=&#8221;1\/2&#8243;][vc_single_image image=&#8221;2718&#8243; img_size=&#8221;large&#8221; alignment=&#8221;center&#8221; style=&#8221;vc_box_border_circle_2&#8243;][\/vc_column_inner][\/vc_row_inner][\/vc_column][\/vc_row][vc_row full_width=&#8221;stretch_row&#8221; css=&#8221;.vc_custom_1482923596477{padding-top: 7.3em !important;padding-bottom: 10.55em !important;}&#8221;][vc_column]<div id=\"sc_title_2079742456\"\n\t\tclass=\"sc_title sc_title_default  vc_custom_1726372280417\"><h3 class=\"sc_item_title sc_title_title sc_align_left sc_item_title_style_default sc_item_title_tag\">Marianne Guilbault<\/h3><div class=\"sc_item_descr sc_title_descr sc_align_left\">Research assistant<\/div><\/div><!-- \/.sc_title -->[vc_row_inner][vc_column_inner width=&#8221;1\/2&#8243; css=&#8221;.vc_custom_1482923389126{padding-right: 5em !important;}&#8221;][vc_empty_space height=&#8221;60px&#8221; alter_height=&#8221;none&#8221; hide_on_mobile=&#8221;&#8221;][vc_column_text]Marianne (she\/her) is currently doing a bachelor\u2019s degree in psychology at the University of Montreal. She is deeply interested in the various traumas occurring in childhood and how they impact the development of a human being throughout their life. She plans to pursue her doctoral studies in clinical psychology.[\/vc_column_text][\/vc_column_inner][vc_column_inner width=&#8221;1\/2&#8243;][vc_single_image image=&#8221;2704&#8243; img_size=&#8221;large&#8221; alignment=&#8221;center&#8221; style=&#8221;vc_box_border_circle_2&#8243;][\/vc_column_inner][\/vc_row_inner][\/vc_column][\/vc_row][vc_row full_width=&#8221;stretch_row&#8221; css=&#8221;.vc_custom_1482923596477{padding-top: 7.3em !important;padding-bottom: 10.55em !important;}&#8221;][vc_column]<div id=\"sc_title_170678848\"\n\t\tclass=\"sc_title sc_title_default  vc_custom_1744575595698\"><h3 class=\"sc_item_title sc_title_title sc_align_left sc_item_title_style_default sc_item_title_tag\">Audrey Savaria<\/h3><div class=\"sc_item_descr sc_title_descr sc_align_left\">Research assistant<\/div><\/div><!-- \/.sc_title -->[vc_row_inner][vc_column_inner width=&#8221;1\/2&#8243; css=&#8221;.vc_custom_1482923389126{padding-right: 5em !important;}&#8221;][vc_empty_space height=&#8221;60px&#8221; alter_height=&#8221;none&#8221; hide_on_mobile=&#8221;&#8221;][vc_column_text]Audrey (she\/her) is an undergraduate student in psychology at the University of Montreal. Her interests focus on the development of sexuality in childhood and adolescence, as well as the various factors that influence sexual well-being into adulthood. She plans to pursue her doctoral studies in clinical psychology or in research and intervention.[\/vc_column_text][\/vc_column_inner][vc_column_inner width=&#8221;1\/2&#8243;][vc_single_image image=&#8221;2803&#8243; img_size=&#8221;large&#8221; alignment=&#8221;center&#8221; style=&#8221;vc_box_border_circle_2&#8243;][\/vc_column_inner][\/vc_row_inner][\/vc_column][\/vc_row][vc_row full_width=&#8221;stretch_row&#8221; css=&#8221;.vc_custom_1482923596477{padding-top: 7.3em !important;padding-bottom: 10.55em !important;}&#8221;][vc_column]<div id=\"sc_title_194749384\"\n\t\tclass=\"sc_title sc_title_default  vc_custom_1739309278492\"><h3 class=\"sc_item_title sc_title_title sc_align_left sc_item_title_style_default sc_item_title_tag\">Jeanne Tousignant<\/h3><div class=\"sc_item_descr sc_title_descr sc_align_left\">Research assistant<\/div><\/div><!-- \/.sc_title -->[vc_row_inner][vc_column_inner width=&#8221;1\/2&#8243; css=&#8221;.vc_custom_1482923389126{padding-right: 5em !important;}&#8221;][vc_empty_space height=&#8221;60px&#8221; alter_height=&#8221;none&#8221; hide_on_mobile=&#8221;&#8221;][vc_column_text]Jeanne (she\/her) is a 1<sup>st<\/sup> year undergraduate student in psychology at the Universit\u00e9 du Qu\u00e9bec en Outaouais. Her goal is to continue her academic journey with a doctorate in clinical psychology. Her main areas of interest focus on domestic violence and its consequences, as well as the effects of trauma on attachment, relationships, and psychological health.[\/vc_column_text][\/vc_column_inner][vc_column_inner width=&#8221;1\/2&#8243;][vc_single_image image=&#8221;2786&#8243; img_size=&#8221;large&#8221; alignment=&#8221;center&#8221; style=&#8221;vc_box_border_circle_2&#8243;][\/vc_column_inner][\/vc_row_inner][\/vc_column][\/vc_row][vc_row full_width=&#8221;stretch_row&#8221; css=&#8221;.vc_custom_1482923596477{padding-top: 7.3em !important;padding-bottom: 10.55em !important;}&#8221;][vc_column]<div id=\"sc_title_2018301105\"\n\t\tclass=\"sc_title sc_title_default  vc_custom_1733193355771\"><h3 class=\"sc_item_title sc_title_title sc_align_left sc_item_title_style_default sc_item_title_tag\">Emile Vall\u00e9e<\/h3><div class=\"sc_item_descr sc_title_descr sc_align_left\">Research assistant<\/div><\/div><!-- \/.sc_title -->[vc_row_inner][vc_column_inner width=&#8221;1\/2&#8243; css=&#8221;.vc_custom_1482923389126{padding-right: 5em !important;}&#8221;][vc_empty_space height=&#8221;60px&#8221; alter_height=&#8221;none&#8221; hide_on_mobile=&#8221;&#8221;][vc_column_text]Emile (he\/him) is a 1<sup>st<\/sup> year undergraduate student in psychology at the University of Montreal. He has been part of Dr. Bigras\u2019 Reset Lab since March 2024. His research interests focus on aging, interpersonal traumas, and sexuality. He wishes to continue his doctoral studies in clinical psychology or neuropsychology.[\/vc_column_text][\/vc_column_inner][vc_column_inner width=&#8221;1\/2&#8243;][vc_single_image image=&#8221;2685&#8243; img_size=&#8221;large&#8221; alignment=&#8221;center&#8221; style=&#8221;vc_box_border_circle_2&#8243;][\/vc_column_inner][\/vc_row_inner][\/vc_column][\/vc_row]<\/p>\n<\/section>","protected":false},"excerpt":{"rendered":"<p>[vc_row full_width=&#8221;stretch_row&#8221; css=&#8221;.vc_custom_1692632738891{padding-top: 7.85em !important;padding-bottom: 7.1em !important;background-color: #f6f6f6 !important;}&#8221;][vc_column][\/vc_column][\/vc_row][vc_row full_width=&#8221;stretch_row&#8221; css=&#8221;.vc_custom_1692632843505{padding-top: 0.5em !important;padding-bottom: 0.51em !important;background-color: #eb6263 !important;}&#8221;][vc_column][\/vc_column][\/vc_row][vc_row full_width=&#8221;stretch_row&#8221; css=&#8221;.vc_custom_1482923596477{padding-top: 7.3em !important;padding-bottom: 10.55em !important;}&#8221;][vc_column][vc_row_inner][vc_column_inner width=&#8221;1\/2&#8243; css=&#8221;.vc_custom_1482923389126{padding-right: 5em !important;}&#8221;][vc_empty_space height=&#8221;60px&#8221; alter_height=&#8221;none&#8221; hide_on_mobile=&#8221;&#8221;][vc_column_text]Oc\u00e9ane (she\/her) is a 1st year undergraduate psychology student at the Universit\u00e9 du Qu\u00e9bec en Outaouais. She aims to pursue her studies up to a doctorate in clinical psychology and\/or research.&hellip;<\/p>\n","protected":false},"author":1,"featured_media":0,"parent":0,"menu_order":0,"comment_status":"closed","ping_status":"closed","template":"","meta":{"_monsterinsights_skip_tracking":false,"_monsterinsights_sitenote_active":false,"_monsterinsights_sitenote_note":"","_monsterinsights_sitenote_category":0,"footnotes":""},"class_list":["post-1853","page","type-page","status-publish","hentry"],"yoast_head":"<!-- This site is optimized with the Yoast SEO plugin v26.2 - https:\/\/yoast.com\/wordpress\/plugins\/seo\/ -->\n<title>Undergraduate students - Laboratoire de recherche sur les relations, la sexualit\u00e9 et les traumas (Reset)<\/title>\n<meta name=\"robots\" content=\"index, follow, max-snippet:-1, max-image-preview:large, max-video-preview:-1\" \/>\n<link rel=\"canonical\" href=\"https:\/\/resetlab.uqo.ca\/auxiliaires-de-recherche\/\" \/>\n<meta property=\"og:locale\" content=\"en_US\" \/>\n<meta property=\"og:type\" content=\"article\" \/>\n<meta property=\"og:title\" content=\"Undergraduate students - Laboratoire de recherche sur les relations, la sexualit\u00e9 et les traumas (Reset)\" \/>\n<meta property=\"og:description\" content=\"[vc_row full_width=&#8221;stretch_row&#8221; css=&#8221;.vc_custom_1692632738891{padding-top: 7.85em !important;padding-bottom: 7.1em !important;background-color: #f6f6f6 !important;}&#8221;][vc_column][\/vc_column][\/vc_row][vc_row full_width=&#8221;stretch_row&#8221; css=&#8221;.vc_custom_1692632843505{padding-top: 0.5em !important;padding-bottom: 0.51em !important;background-color: #eb6263 !important;}&#8221;][vc_column][\/vc_column][\/vc_row][vc_row full_width=&#8221;stretch_row&#8221; css=&#8221;.vc_custom_1482923596477{padding-top: 7.3em !important;padding-bottom: 10.55em !important;}&#8221;][vc_column][vc_row_inner][vc_column_inner width=&#8221;1\/2&#8243; css=&#8221;.vc_custom_1482923389126{padding-right: 5em !important;}&#8221;][vc_empty_space height=&#8221;60px&#8221; alter_height=&#8221;none&#8221; hide_on_mobile=&#8221;&#8221;][vc_column_text]Oc\u00e9ane (she\/her) is a 1st year undergraduate psychology student at the Universit\u00e9 du Qu\u00e9bec en Outaouais. She aims to pursue her studies up to a doctorate in clinical psychology and\/or research.&hellip;\" \/>\n<meta property=\"og:url\" content=\"https:\/\/resetlab.uqo.ca\/auxiliaires-de-recherche\/\" \/>\n<meta property=\"og:site_name\" content=\"Laboratoire de recherche sur les relations, la sexualit\u00e9 et les traumas (Reset)\" \/>\n<meta property=\"article:publisher\" content=\"https:\/\/www.facebook.com\/profile.php?id=61550569136095\" \/>\n<meta property=\"article:modified_time\" content=\"2025-07-15T16:11:16+00:00\" \/>\n<meta name=\"twitter:card\" content=\"summary_large_image\" \/>\n<meta name=\"twitter:site\" content=\"@NoemieBigras\" \/>\n<meta name=\"twitter:label1\" content=\"Est. reading time\" \/>\n\t<meta name=\"twitter:data1\" content=\"7 minutes\" \/>\n<script type=\"application\/ld+json\" class=\"yoast-schema-graph\">{\"@context\":\"https:\/\/schema.org\",\"@graph\":[{\"@type\":\"WebPage\",\"@id\":\"https:\/\/resetlab.uqo.ca\/auxiliaires-de-recherche\/\",\"url\":\"https:\/\/resetlab.uqo.ca\/auxiliaires-de-recherche\/\",\"name\":\"Undergraduate students - Laboratoire de recherche sur les relations, la sexualit\u00e9 et les traumas (Reset)\",\"isPartOf\":{\"@id\":\"https:\/\/resetlab.uqo.ca\/#website\"},\"datePublished\":\"2023-08-21T16:57:10+00:00\",\"dateModified\":\"2025-07-15T16:11:16+00:00\",\"breadcrumb\":{\"@id\":\"https:\/\/resetlab.uqo.ca\/auxiliaires-de-recherche\/#breadcrumb\"},\"inLanguage\":\"en-US\",\"potentialAction\":[{\"@type\":\"ReadAction\",\"target\":[\"https:\/\/resetlab.uqo.ca\/auxiliaires-de-recherche\/\"]}]},{\"@type\":\"BreadcrumbList\",\"@id\":\"https:\/\/resetlab.uqo.ca\/auxiliaires-de-recherche\/#breadcrumb\",\"itemListElement\":[{\"@type\":\"ListItem\",\"position\":1,\"name\":\"Accueil\",\"item\":\"https:\/\/resetlab.uqo.ca\/en\/\"},{\"@type\":\"ListItem\",\"position\":2,\"name\":\"Undergraduate students\"}]},{\"@type\":\"WebSite\",\"@id\":\"https:\/\/resetlab.uqo.ca\/#website\",\"url\":\"https:\/\/resetlab.uqo.ca\/\",\"name\":\"Laboratoire de recherche sur les relations, la sexualit\u00e9 et les traumas (Reset)\",\"description\":\"RESET LAB\",\"publisher\":{\"@id\":\"https:\/\/resetlab.uqo.ca\/#organization\"},\"potentialAction\":[{\"@type\":\"SearchAction\",\"target\":{\"@type\":\"EntryPoint\",\"urlTemplate\":\"https:\/\/resetlab.uqo.ca\/?s={search_term_string}\"},\"query-input\":{\"@type\":\"PropertyValueSpecification\",\"valueRequired\":true,\"valueName\":\"search_term_string\"}}],\"inLanguage\":\"en-US\"},{\"@type\":\"Organization\",\"@id\":\"https:\/\/resetlab.uqo.ca\/#organization\",\"name\":\"Laboratoire de recherche sur les relations, la sexualit\u00e9 et les traumas (Reset)\",\"url\":\"https:\/\/resetlab.uqo.ca\/\",\"logo\":{\"@type\":\"ImageObject\",\"inLanguage\":\"en-US\",\"@id\":\"https:\/\/resetlab.uqo.ca\/#\/schema\/logo\/image\/\",\"url\":\"https:\/\/resetlab.uqo.ca\/wp-content\/uploads\/2016\/12\/logo_reset.png\",\"contentUrl\":\"https:\/\/resetlab.uqo.ca\/wp-content\/uploads\/2016\/12\/logo_reset.png\",\"width\":3298,\"height\":1394,\"caption\":\"Laboratoire de recherche sur les relations, la sexualit\u00e9 et les traumas (Reset)\"},\"image\":{\"@id\":\"https:\/\/resetlab.uqo.ca\/#\/schema\/logo\/image\/\"},\"sameAs\":[\"https:\/\/www.facebook.com\/profile.php?id=61550569136095\",\"https:\/\/x.com\/NoemieBigras\",\"https:\/\/www.instagram.com\/resetlab_uqo\/\"]}]}<\/script>\n<!-- \/ Yoast SEO plugin. -->","yoast_head_json":{"title":"Undergraduate students - Laboratoire de recherche sur les relations, la sexualit\u00e9 et les traumas (Reset)","robots":{"index":"index","follow":"follow","max-snippet":"max-snippet:-1","max-image-preview":"max-image-preview:large","max-video-preview":"max-video-preview:-1"},"canonical":"https:\/\/resetlab.uqo.ca\/auxiliaires-de-recherche\/","og_locale":"en_US","og_type":"article","og_title":"Undergraduate students - Laboratoire de recherche sur les relations, la sexualit\u00e9 et les traumas (Reset)","og_description":"[vc_row full_width=&#8221;stretch_row&#8221; css=&#8221;.vc_custom_1692632738891{padding-top: 7.85em !important;padding-bottom: 7.1em !important;background-color: #f6f6f6 !important;}&#8221;][vc_column][\/vc_column][\/vc_row][vc_row full_width=&#8221;stretch_row&#8221; css=&#8221;.vc_custom_1692632843505{padding-top: 0.5em !important;padding-bottom: 0.51em !important;background-color: #eb6263 !important;}&#8221;][vc_column][\/vc_column][\/vc_row][vc_row full_width=&#8221;stretch_row&#8221; css=&#8221;.vc_custom_1482923596477{padding-top: 7.3em !important;padding-bottom: 10.55em !important;}&#8221;][vc_column][vc_row_inner][vc_column_inner width=&#8221;1\/2&#8243; css=&#8221;.vc_custom_1482923389126{padding-right: 5em !important;}&#8221;][vc_empty_space height=&#8221;60px&#8221; alter_height=&#8221;none&#8221; hide_on_mobile=&#8221;&#8221;][vc_column_text]Oc\u00e9ane (she\/her) is a 1st year undergraduate psychology student at the Universit\u00e9 du Qu\u00e9bec en Outaouais. She aims to pursue her studies up to a doctorate in clinical psychology and\/or research.&hellip;","og_url":"https:\/\/resetlab.uqo.ca\/auxiliaires-de-recherche\/","og_site_name":"Laboratoire de recherche sur les relations, la sexualit\u00e9 et les traumas (Reset)","article_publisher":"https:\/\/www.facebook.com\/profile.php?id=61550569136095","article_modified_time":"2025-07-15T16:11:16+00:00","twitter_card":"summary_large_image","twitter_site":"@NoemieBigras","twitter_misc":{"Est. reading time":"7 minutes"},"schema":{"@context":"https:\/\/schema.org","@graph":[{"@type":"WebPage","@id":"https:\/\/resetlab.uqo.ca\/auxiliaires-de-recherche\/","url":"https:\/\/resetlab.uqo.ca\/auxiliaires-de-recherche\/","name":"Undergraduate students - Laboratoire de recherche sur les relations, la sexualit\u00e9 et les traumas (Reset)","isPartOf":{"@id":"https:\/\/resetlab.uqo.ca\/#website"},"datePublished":"2023-08-21T16:57:10+00:00","dateModified":"2025-07-15T16:11:16+00:00","breadcrumb":{"@id":"https:\/\/resetlab.uqo.ca\/auxiliaires-de-recherche\/#breadcrumb"},"inLanguage":"en-US","potentialAction":[{"@type":"ReadAction","target":["https:\/\/resetlab.uqo.ca\/auxiliaires-de-recherche\/"]}]},{"@type":"BreadcrumbList","@id":"https:\/\/resetlab.uqo.ca\/auxiliaires-de-recherche\/#breadcrumb","itemListElement":[{"@type":"ListItem","position":1,"name":"Accueil","item":"https:\/\/resetlab.uqo.ca\/en\/"},{"@type":"ListItem","position":2,"name":"Undergraduate students"}]},{"@type":"WebSite","@id":"https:\/\/resetlab.uqo.ca\/#website","url":"https:\/\/resetlab.uqo.ca\/","name":"Laboratoire de recherche sur les relations, la sexualit\u00e9 et les traumas (Reset)","description":"RESET LAB","publisher":{"@id":"https:\/\/resetlab.uqo.ca\/#organization"},"potentialAction":[{"@type":"SearchAction","target":{"@type":"EntryPoint","urlTemplate":"https:\/\/resetlab.uqo.ca\/?s={search_term_string}"},"query-input":{"@type":"PropertyValueSpecification","valueRequired":true,"valueName":"search_term_string"}}],"inLanguage":"en-US"},{"@type":"Organization","@id":"https:\/\/resetlab.uqo.ca\/#organization","name":"Laboratoire de recherche sur les relations, la sexualit\u00e9 et les traumas (Reset)","url":"https:\/\/resetlab.uqo.ca\/","logo":{"@type":"ImageObject","inLanguage":"en-US","@id":"https:\/\/resetlab.uqo.ca\/#\/schema\/logo\/image\/","url":"https:\/\/resetlab.uqo.ca\/wp-content\/uploads\/2016\/12\/logo_reset.png","contentUrl":"https:\/\/resetlab.uqo.ca\/wp-content\/uploads\/2016\/12\/logo_reset.png","width":3298,"height":1394,"caption":"Laboratoire de recherche sur les relations, la sexualit\u00e9 et les traumas (Reset)"},"image":{"@id":"https:\/\/resetlab.uqo.ca\/#\/schema\/logo\/image\/"},"sameAs":["https:\/\/www.facebook.com\/profile.php?id=61550569136095","https:\/\/x.com\/NoemieBigras","https:\/\/www.instagram.com\/resetlab_uqo\/"]}]}},"_links":{"self":[{"href":"https:\/\/resetlab.uqo.ca\/en\/wp-json\/wp\/v2\/pages\/1853","targetHints":{"allow":["GET"]}}],"collection":[{"href":"https:\/\/resetlab.uqo.ca\/en\/wp-json\/wp\/v2\/pages"}],"about":[{"href":"https:\/\/resetlab.uqo.ca\/en\/wp-json\/wp\/v2\/types\/page"}],"author":[{"embeddable":true,"href":"https:\/\/resetlab.uqo.ca\/en\/wp-json\/wp\/v2\/users\/1"}],"replies":[{"embeddable":true,"href":"https:\/\/resetlab.uqo.ca\/en\/wp-json\/wp\/v2\/comments?post=1853"}],"version-history":[{"count":20,"href":"https:\/\/resetlab.uqo.ca\/en\/wp-json\/wp\/v2\/pages\/1853\/revisions"}],"predecessor-version":[{"id":2818,"href":"https:\/\/resetlab.uqo.ca\/en\/wp-json\/wp\/v2\/pages\/1853\/revisions\/2818"}],"wp:attachment":[{"href":"https:\/\/resetlab.uqo.ca\/en\/wp-json\/wp\/v2\/media?parent=1853"}],"curies":[{"name":"wp","href":"https:\/\/api.w.org\/{rel}","templated":true}]}}