{"id":1859,"date":"2023-08-22T12:59:25","date_gmt":"2023-08-22T12:59:25","guid":{"rendered":"https:\/\/resetlab.uqo.ca\/index.php\/diffusion\/"},"modified":"2024-06-03T20:54:01","modified_gmt":"2024-06-03T20:54:01","slug":"sharing","status":"publish","type":"page","link":"https:\/\/resetlab.uqo.ca\/en\/sharing\/","title":{"rendered":"Sharing science"},"content":{"rendered":"<section class=\"wpb-content-wrapper\"><p>[vc_row full_width=&#8221;stretch_row_content_no_spaces&#8221;][vc_column][vc_empty_space height=&#8221;100px&#8221; alter_height=&#8221;none&#8221; hide_on_mobile=&#8221;&#8221;]<div id=\"sc_content_782442615\"\n\t\tclass=\"sc_content sc_content_default  vc_custom_1482922733637 sc_content_width_2_3\"><div class=\"sc_content_container\"><div id=\"sc_title_441742671\"\n\t\tclass=\"sc_title sc_title_default\"><h3 class=\"sc_item_title sc_title_title sc_align_center sc_item_title_style_default\">Sharing science<\/h3><\/div><!-- \/.sc_title --><\/div><\/div><!-- \/.sc_content -->[\/vc_column][\/vc_row][vc_row][vc_column][vc_column_text]Our laboratory director Dr. No\u00e9mie Bigras&#8217; appearance on the Maman sexo podcast.<\/p>\n<p>Gauvin, L.-H. (co-host) &amp; Duchemin, M. (co-host). (2024, May 31). L\u2019impact des traumas \u00e0 l\u2019enfance sur la parentalit\u00e9 [podcast episode]. In <em>Maman sexo.<\/em><\/p>\n<p>Available on Spotify:\u00a0<a href=\"https:\/\/open.spotify.com\/episode\/46Kgyjml3cN4zC5bv0Xjxg?trackId=3wmnP7CY38ajyGfZUZ6vce\">https:\/\/open.spotify.com\/episode\/46Kgyjml3cN4zC5bv0Xjxg?trackId=3wmnP7CY38ajyGfZUZ6vce<\/a>[\/vc_column_text][vc_empty_space alter_height=&#8221;medium&#8221; hide_on_mobile=&#8221;&#8221;][vc_column_text]Our laboratory director Dr. No\u00e9mie Bigras&#8217; interview with La Presse.<\/p>\n<p>Galipeau, S. (2023, March 3). Personnes \u00e2g\u00e9es, sexualit\u00e9 et bien-\u00eatre. La Presse. <a href=\"https:\/\/www.lapresse.ca\/societe\/sexualite\/2024-03-03\/personnes-agees-sexualite-et-bien-etre.php\">https:\/\/www.lapresse.ca\/societe\/sexualite\/2024-03-03\/personnes-agees-sexualite-et-bien-etre.php<\/a>[\/vc_column_text][\/vc_column][\/vc_row]<\/p>\n<\/section>","protected":false},"excerpt":{"rendered":"<p>[vc_row full_width=&#8221;stretch_row_content_no_spaces&#8221;][vc_column][vc_empty_space height=&#8221;100px&#8221; alter_height=&#8221;none&#8221; hide_on_mobile=&#8221;&#8221;][\/vc_column][\/vc_row][vc_row][vc_column][vc_column_text]Our laboratory director Dr. No\u00e9mie Bigras&#8217; appearance on the Maman sexo podcast. Gauvin, L.-H. (co-host) &amp; Duchemin, M. (co-host). (2024, May 31). L\u2019impact des traumas \u00e0 l\u2019enfance sur la parentalit\u00e9 [podcast episode]. In Maman sexo. Available on Spotify:\u00a0https:\/\/open.spotify.com\/episode\/46Kgyjml3cN4zC5bv0Xjxg?trackId=3wmnP7CY38ajyGfZUZ6vce[\/vc_column_text][vc_empty_space alter_height=&#8221;medium&#8221; hide_on_mobile=&#8221;&#8221;][vc_column_text]Our laboratory director Dr. No\u00e9mie Bigras&#8217; interview with La Presse. Galipeau, S. (2023, March 3). Personnes \u00e2g\u00e9es,&hellip;<\/p>\n","protected":false},"author":1,"featured_media":0,"parent":0,"menu_order":0,"comment_status":"closed","ping_status":"closed","template":"","meta":{"_monsterinsights_skip_tracking":false,"_monsterinsights_sitenote_active":false,"_monsterinsights_sitenote_note":"","_monsterinsights_sitenote_category":0,"footnotes":""},"class_list":["post-1859","page","type-page","status-publish","hentry"],"yoast_head":"<!-- This site is optimized with the Yoast SEO plugin v26.2 - https:\/\/yoast.com\/wordpress\/plugins\/seo\/ -->\n<title>Sharing science - Laboratoire de recherche sur les relations, la sexualit\u00e9 et les traumas (Reset)<\/title>\n<meta name=\"robots\" content=\"index, follow, max-snippet:-1, max-image-preview:large, max-video-preview:-1\" \/>\n<link rel=\"canonical\" href=\"https:\/\/resetlab.uqo.ca\/diffusion\/\" \/>\n<meta property=\"og:locale\" content=\"en_US\" \/>\n<meta property=\"og:type\" content=\"article\" \/>\n<meta property=\"og:title\" content=\"Sharing science - Laboratoire de recherche sur les relations, la sexualit\u00e9 et les traumas (Reset)\" \/>\n<meta property=\"og:description\" content=\"[vc_row full_width=&#8221;stretch_row_content_no_spaces&#8221;][vc_column][vc_empty_space height=&#8221;100px&#8221; alter_height=&#8221;none&#8221; hide_on_mobile=&#8221;&#8221;][\/vc_column][\/vc_row][vc_row][vc_column][vc_column_text]Our laboratory director Dr. No\u00e9mie Bigras&#8217; appearance on the Maman sexo podcast. Gauvin, L.-H. (co-host) &amp; Duchemin, M. (co-host). (2024, May 31). L\u2019impact des traumas \u00e0 l\u2019enfance sur la parentalit\u00e9 [podcast episode]. In Maman sexo. Available on Spotify:\u00a0https:\/\/open.spotify.com\/episode\/46Kgyjml3cN4zC5bv0Xjxg?trackId=3wmnP7CY38ajyGfZUZ6vce[\/vc_column_text][vc_empty_space alter_height=&#8221;medium&#8221; hide_on_mobile=&#8221;&#8221;][vc_column_text]Our laboratory director Dr. No\u00e9mie Bigras&#8217; interview with La Presse. Galipeau, S. (2023, March 3). Personnes \u00e2g\u00e9es,&hellip;\" \/>\n<meta property=\"og:url\" content=\"https:\/\/resetlab.uqo.ca\/diffusion\/\" \/>\n<meta property=\"og:site_name\" content=\"Laboratoire de recherche sur les relations, la sexualit\u00e9 et les traumas (Reset)\" \/>\n<meta property=\"article:publisher\" content=\"https:\/\/www.facebook.com\/profile.php?id=61550569136095\" \/>\n<meta property=\"article:modified_time\" content=\"2024-06-03T20:54:01+00:00\" \/>\n<meta name=\"twitter:card\" content=\"summary_large_image\" \/>\n<meta name=\"twitter:site\" content=\"@NoemieBigras\" \/>\n<meta name=\"twitter:label1\" content=\"Est. reading time\" \/>\n\t<meta name=\"twitter:data1\" content=\"1 minute\" \/>\n<script type=\"application\/ld+json\" class=\"yoast-schema-graph\">{\"@context\":\"https:\/\/schema.org\",\"@graph\":[{\"@type\":\"WebPage\",\"@id\":\"https:\/\/resetlab.uqo.ca\/diffusion\/\",\"url\":\"https:\/\/resetlab.uqo.ca\/diffusion\/\",\"name\":\"Sharing science - Laboratoire de recherche sur les relations, la sexualit\u00e9 et les traumas (Reset)\",\"isPartOf\":{\"@id\":\"https:\/\/resetlab.uqo.ca\/#website\"},\"datePublished\":\"2023-08-22T12:59:25+00:00\",\"dateModified\":\"2024-06-03T20:54:01+00:00\",\"breadcrumb\":{\"@id\":\"https:\/\/resetlab.uqo.ca\/diffusion\/#breadcrumb\"},\"inLanguage\":\"en-US\",\"potentialAction\":[{\"@type\":\"ReadAction\",\"target\":[\"https:\/\/resetlab.uqo.ca\/diffusion\/\"]}]},{\"@type\":\"BreadcrumbList\",\"@id\":\"https:\/\/resetlab.uqo.ca\/diffusion\/#breadcrumb\",\"itemListElement\":[{\"@type\":\"ListItem\",\"position\":1,\"name\":\"Accueil\",\"item\":\"https:\/\/resetlab.uqo.ca\/en\/\"},{\"@type\":\"ListItem\",\"position\":2,\"name\":\"Sharing science\"}]},{\"@type\":\"WebSite\",\"@id\":\"https:\/\/resetlab.uqo.ca\/#website\",\"url\":\"https:\/\/resetlab.uqo.ca\/\",\"name\":\"Laboratoire de recherche sur les relations, la sexualit\u00e9 et les traumas (Reset)\",\"description\":\"RESET LAB\",\"publisher\":{\"@id\":\"https:\/\/resetlab.uqo.ca\/#organization\"},\"potentialAction\":[{\"@type\":\"SearchAction\",\"target\":{\"@type\":\"EntryPoint\",\"urlTemplate\":\"https:\/\/resetlab.uqo.ca\/?s={search_term_string}\"},\"query-input\":{\"@type\":\"PropertyValueSpecification\",\"valueRequired\":true,\"valueName\":\"search_term_string\"}}],\"inLanguage\":\"en-US\"},{\"@type\":\"Organization\",\"@id\":\"https:\/\/resetlab.uqo.ca\/#organization\",\"name\":\"Laboratoire de recherche sur les relations, la sexualit\u00e9 et les traumas (Reset)\",\"url\":\"https:\/\/resetlab.uqo.ca\/\",\"logo\":{\"@type\":\"ImageObject\",\"inLanguage\":\"en-US\",\"@id\":\"https:\/\/resetlab.uqo.ca\/#\/schema\/logo\/image\/\",\"url\":\"https:\/\/resetlab.uqo.ca\/wp-content\/uploads\/2016\/12\/logo_reset.png\",\"contentUrl\":\"https:\/\/resetlab.uqo.ca\/wp-content\/uploads\/2016\/12\/logo_reset.png\",\"width\":3298,\"height\":1394,\"caption\":\"Laboratoire de recherche sur les relations, la sexualit\u00e9 et les traumas (Reset)\"},\"image\":{\"@id\":\"https:\/\/resetlab.uqo.ca\/#\/schema\/logo\/image\/\"},\"sameAs\":[\"https:\/\/www.facebook.com\/profile.php?id=61550569136095\",\"https:\/\/x.com\/NoemieBigras\",\"https:\/\/www.instagram.com\/resetlab_uqo\/\"]}]}<\/script>\n<!-- \/ Yoast SEO plugin. -->","yoast_head_json":{"title":"Sharing science - Laboratoire de recherche sur les relations, la sexualit\u00e9 et les traumas (Reset)","robots":{"index":"index","follow":"follow","max-snippet":"max-snippet:-1","max-image-preview":"max-image-preview:large","max-video-preview":"max-video-preview:-1"},"canonical":"https:\/\/resetlab.uqo.ca\/diffusion\/","og_locale":"en_US","og_type":"article","og_title":"Sharing science - Laboratoire de recherche sur les relations, la sexualit\u00e9 et les traumas (Reset)","og_description":"[vc_row full_width=&#8221;stretch_row_content_no_spaces&#8221;][vc_column][vc_empty_space height=&#8221;100px&#8221; alter_height=&#8221;none&#8221; hide_on_mobile=&#8221;&#8221;][\/vc_column][\/vc_row][vc_row][vc_column][vc_column_text]Our laboratory director Dr. No\u00e9mie Bigras&#8217; appearance on the Maman sexo podcast. Gauvin, L.-H. (co-host) &amp; Duchemin, M. (co-host). (2024, May 31). L\u2019impact des traumas \u00e0 l\u2019enfance sur la parentalit\u00e9 [podcast episode]. In Maman sexo. Available on Spotify:\u00a0https:\/\/open.spotify.com\/episode\/46Kgyjml3cN4zC5bv0Xjxg?trackId=3wmnP7CY38ajyGfZUZ6vce[\/vc_column_text][vc_empty_space alter_height=&#8221;medium&#8221; hide_on_mobile=&#8221;&#8221;][vc_column_text]Our laboratory director Dr. No\u00e9mie Bigras&#8217; interview with La Presse. Galipeau, S. (2023, March 3). Personnes \u00e2g\u00e9es,&hellip;","og_url":"https:\/\/resetlab.uqo.ca\/diffusion\/","og_site_name":"Laboratoire de recherche sur les relations, la sexualit\u00e9 et les traumas (Reset)","article_publisher":"https:\/\/www.facebook.com\/profile.php?id=61550569136095","article_modified_time":"2024-06-03T20:54:01+00:00","twitter_card":"summary_large_image","twitter_site":"@NoemieBigras","twitter_misc":{"Est. reading time":"1 minute"},"schema":{"@context":"https:\/\/schema.org","@graph":[{"@type":"WebPage","@id":"https:\/\/resetlab.uqo.ca\/diffusion\/","url":"https:\/\/resetlab.uqo.ca\/diffusion\/","name":"Sharing science - Laboratoire de recherche sur les relations, la sexualit\u00e9 et les traumas (Reset)","isPartOf":{"@id":"https:\/\/resetlab.uqo.ca\/#website"},"datePublished":"2023-08-22T12:59:25+00:00","dateModified":"2024-06-03T20:54:01+00:00","breadcrumb":{"@id":"https:\/\/resetlab.uqo.ca\/diffusion\/#breadcrumb"},"inLanguage":"en-US","potentialAction":[{"@type":"ReadAction","target":["https:\/\/resetlab.uqo.ca\/diffusion\/"]}]},{"@type":"BreadcrumbList","@id":"https:\/\/resetlab.uqo.ca\/diffusion\/#breadcrumb","itemListElement":[{"@type":"ListItem","position":1,"name":"Accueil","item":"https:\/\/resetlab.uqo.ca\/en\/"},{"@type":"ListItem","position":2,"name":"Sharing science"}]},{"@type":"WebSite","@id":"https:\/\/resetlab.uqo.ca\/#website","url":"https:\/\/resetlab.uqo.ca\/","name":"Laboratoire de recherche sur les relations, la sexualit\u00e9 et les traumas (Reset)","description":"RESET LAB","publisher":{"@id":"https:\/\/resetlab.uqo.ca\/#organization"},"potentialAction":[{"@type":"SearchAction","target":{"@type":"EntryPoint","urlTemplate":"https:\/\/resetlab.uqo.ca\/?s={search_term_string}"},"query-input":{"@type":"PropertyValueSpecification","valueRequired":true,"valueName":"search_term_string"}}],"inLanguage":"en-US"},{"@type":"Organization","@id":"https:\/\/resetlab.uqo.ca\/#organization","name":"Laboratoire de recherche sur les relations, la sexualit\u00e9 et les traumas (Reset)","url":"https:\/\/resetlab.uqo.ca\/","logo":{"@type":"ImageObject","inLanguage":"en-US","@id":"https:\/\/resetlab.uqo.ca\/#\/schema\/logo\/image\/","url":"https:\/\/resetlab.uqo.ca\/wp-content\/uploads\/2016\/12\/logo_reset.png","contentUrl":"https:\/\/resetlab.uqo.ca\/wp-content\/uploads\/2016\/12\/logo_reset.png","width":3298,"height":1394,"caption":"Laboratoire de recherche sur les relations, la sexualit\u00e9 et les traumas (Reset)"},"image":{"@id":"https:\/\/resetlab.uqo.ca\/#\/schema\/logo\/image\/"},"sameAs":["https:\/\/www.facebook.com\/profile.php?id=61550569136095","https:\/\/x.com\/NoemieBigras","https:\/\/www.instagram.com\/resetlab_uqo\/"]}]}},"_links":{"self":[{"href":"https:\/\/resetlab.uqo.ca\/en\/wp-json\/wp\/v2\/pages\/1859","targetHints":{"allow":["GET"]}}],"collection":[{"href":"https:\/\/resetlab.uqo.ca\/en\/wp-json\/wp\/v2\/pages"}],"about":[{"href":"https:\/\/resetlab.uqo.ca\/en\/wp-json\/wp\/v2\/types\/page"}],"author":[{"embeddable":true,"href":"https:\/\/resetlab.uqo.ca\/en\/wp-json\/wp\/v2\/users\/1"}],"replies":[{"embeddable":true,"href":"https:\/\/resetlab.uqo.ca\/en\/wp-json\/wp\/v2\/comments?post=1859"}],"version-history":[{"count":10,"href":"https:\/\/resetlab.uqo.ca\/en\/wp-json\/wp\/v2\/pages\/1859\/revisions"}],"predecessor-version":[{"id":2655,"href":"https:\/\/resetlab.uqo.ca\/en\/wp-json\/wp\/v2\/pages\/1859\/revisions\/2655"}],"wp:attachment":[{"href":"https:\/\/resetlab.uqo.ca\/en\/wp-json\/wp\/v2\/media?parent=1859"}],"curies":[{"name":"wp","href":"https:\/\/api.w.org\/{rel}","templated":true}]}}