{"id":1862,"date":"2023-08-21T13:00:55","date_gmt":"2023-08-21T13:00:55","guid":{"rendered":"https:\/\/resetlab.uqo.ca\/index.php\/director\/"},"modified":"2023-09-08T18:34:30","modified_gmt":"2023-09-08T18:34:30","slug":"director","status":"publish","type":"page","link":"https:\/\/resetlab.uqo.ca\/en\/director\/","title":{"rendered":"Director"},"content":{"rendered":"<section class=\"wpb-content-wrapper\"><p>[vc_row full_width=&#8221;stretch_row&#8221; css=&#8221;.vc_custom_1692632738891{padding-top: 7.85em !important;padding-bottom: 7.1em !important;background-color: #f6f6f6 !important;}&#8221;][vc_column]<div id=\"sc_content_510196194\"\n\t\tclass=\"sc_content sc_content_default  vc_custom_1482922733637 sc_content_width_2_3\"><div class=\"sc_content_container\"><div id=\"sc_title_627213328\"\n\t\tclass=\"sc_title sc_title_default\"><h1 class=\"sc_item_title sc_title_title sc_align_center sc_item_title_style_default sc_item_title_tag\">Director<\/h1><\/div><!-- \/.sc_title --><\/div><\/div><!-- \/.sc_content -->[\/vc_column][\/vc_row][vc_row full_width=&#8221;stretch_row&#8221; css=&#8221;.vc_custom_1692632843505{padding-top: 0.5em !important;padding-bottom: 0.51em !important;background-color: #eb6263 !important;}&#8221;][vc_column][\/vc_column][\/vc_row][vc_row full_width=&#8221;stretch_row&#8221; css=&#8221;.vc_custom_1482923596477{padding-top: 7.3em !important;padding-bottom: 10.55em !important;}&#8221;][vc_column]<div id=\"sc_title_1454599219\"\n\t\tclass=\"sc_title sc_title_default  vc_custom_1694010925640\"><h2 class=\"sc_item_title sc_title_title sc_align_left sc_item_title_style_default sc_item_title_tag\">No\u00e9mie Bigras (she\/her)<\/h2><\/div><!-- \/.sc_title -->[vc_row_inner][vc_column_inner width=&#8221;1\/4&#8243;]<div id=\"sc_icons_185580509\" \n\tclass=\"sc_icons sc_icons_default sc_icons_size_medium sc_align_left\"><div class=\"sc_icons_columns sc_item_columns trx_addons_columns_wrap columns_padding_bottom\"><div class=\"trx_addons_column-1_3\"><div class=\"sc_icons_item sc_icons_item_linked\"><div class=\"sc_icons_image\"><img loading=\"lazy\" decoding=\"async\" src=\"https:\/\/resetlab.uqo.ca\/wp-content\/uploads\/2023\/08\/Research-gate.png\" alt=\"\" width=\"80\" height=\"80\"><\/div><a href=\"https:\/\/www.researchgate.net\/profile\/Noemie-Bigras\" class=\"sc_icons_item_link\"><\/a><\/div><\/div><div class=\"trx_addons_column-1_3\"><div class=\"sc_icons_item sc_icons_item_linked\"><div class=\"sc_icons_image\"><img loading=\"lazy\" decoding=\"async\" src=\"https:\/\/resetlab.uqo.ca\/wp-content\/uploads\/2023\/08\/X-logo.png\" alt=\"\" width=\"80\" height=\"80\"><\/div><a href=\"https:\/\/twitter.com\/NoemieBigras\" class=\"sc_icons_item_link\"><\/a><\/div><\/div><div class=\"trx_addons_column-1_3\"><div class=\"sc_icons_item sc_icons_item_linked\"><div class=\"sc_icons_image\"><img loading=\"lazy\" decoding=\"async\" src=\"https:\/\/resetlab.uqo.ca\/wp-content\/uploads\/2023\/08\/googleresearch.png\" alt=\"\" width=\"80\" height=\"80\"><\/div><a href=\"https:\/\/scholar.google.com\/citations?user=hZGrAX8AAAAJ&#038;hl=en&#038;authuser=1&#038;oi=ao\" class=\"sc_icons_item_link\"><\/a><\/div><\/div><\/div><\/div><!-- \/.sc_icons -->[\/vc_column_inner][vc_column_inner width=&#8221;1\/4&#8243;][\/vc_column_inner][vc_column_inner width=&#8221;1\/4&#8243;][\/vc_column_inner][vc_column_inner width=&#8221;1\/4&#8243;][\/vc_column_inner][\/vc_row_inner][vc_row_inner][vc_column_inner width=&#8221;1\/2&#8243; css=&#8221;.vc_custom_1482923389126{padding-right: 5em !important;}&#8221;][vc_empty_space height=&#8221;60px&#8221; alter_height=&#8221;none&#8221; hide_on_mobile=&#8221;&#8221;][vc_column_text]<\/p>\n<h6>No\u00e9mie Bigras is Associate Professor in the Psychoeducation and Psychology Department at Universit\u00e9 du Qu\u00e9bec en Outaouais and is the director of the Relationships, Sexuality and Trauma Research Lab (Reset). She completed a Master in Sexology (Research-Intervention profile and a Ph.D in Psychology at UQAM. She did a postdoctoral fellowship at Universit\u00e9 de Montr\u00e9al. She is a registered psychologist at l\u2019Ordre des psychologues du Qu\u00e9bec and offers individual and couples therapy. Her research focuses on the effects of distal factors like childhood interpersonal traumas and proximal, like affection or communication, on couples sexual wellbeing daily and over time. She is also interested in documenting changes in couples\u2019 aging trajectories, including sexuality.<\/h6>\n<p>[\/vc_column_text][\/vc_column_inner][vc_column_inner width=&#8221;1\/2&#8243;][vc_single_image image=&#8221;1998&#8243; img_size=&#8221;large&#8221; alignment=&#8221;center&#8221; style=&#8221;vc_box_border_circle_2&#8243;][\/vc_column_inner][\/vc_row_inner][\/vc_column][\/vc_row]<\/p>\n<\/section>","protected":false},"excerpt":{"rendered":"<p>[vc_row full_width=&#8221;stretch_row&#8221; css=&#8221;.vc_custom_1692632738891{padding-top: 7.85em !important;padding-bottom: 7.1em !important;background-color: #f6f6f6 !important;}&#8221;][vc_column][\/vc_column][\/vc_row][vc_row full_width=&#8221;stretch_row&#8221; css=&#8221;.vc_custom_1692632843505{padding-top: 0.5em !important;padding-bottom: 0.51em !important;background-color: #eb6263 !important;}&#8221;][vc_column][\/vc_column][\/vc_row][vc_row full_width=&#8221;stretch_row&#8221; css=&#8221;.vc_custom_1482923596477{padding-top: 7.3em !important;padding-bottom: 10.55em !important;}&#8221;][vc_column][vc_row_inner][vc_column_inner width=&#8221;1\/4&#8243;][\/vc_column_inner][vc_column_inner width=&#8221;1\/4&#8243;][\/vc_column_inner][vc_column_inner width=&#8221;1\/4&#8243;][\/vc_column_inner][vc_column_inner width=&#8221;1\/4&#8243;][\/vc_column_inner][\/vc_row_inner][vc_row_inner][vc_column_inner width=&#8221;1\/2&#8243; css=&#8221;.vc_custom_1482923389126{padding-right: 5em !important;}&#8221;][vc_empty_space height=&#8221;60px&#8221; alter_height=&#8221;none&#8221; hide_on_mobile=&#8221;&#8221;][vc_column_text] No\u00e9mie Bigras is Associate Professor in the Psychoeducation and Psychology Department at Universit\u00e9 du Qu\u00e9bec en Outaouais and is the director of the Relationships, Sexuality and&hellip;<\/p>\n","protected":false},"author":1,"featured_media":0,"parent":0,"menu_order":0,"comment_status":"closed","ping_status":"closed","template":"","meta":{"_monsterinsights_skip_tracking":false,"_monsterinsights_sitenote_active":false,"_monsterinsights_sitenote_note":"","_monsterinsights_sitenote_category":0,"footnotes":""},"class_list":["post-1862","page","type-page","status-publish","hentry"],"yoast_head":"<!-- This site is optimized with the Yoast SEO plugin v26.2 - https:\/\/yoast.com\/wordpress\/plugins\/seo\/ -->\n<title>Director - Laboratoire de recherche sur les relations, la sexualit\u00e9 et les traumas (Reset)<\/title>\n<meta name=\"robots\" content=\"index, follow, max-snippet:-1, max-image-preview:large, max-video-preview:-1\" \/>\n<link rel=\"canonical\" href=\"https:\/\/resetlab.uqo.ca\/en\/director\/\" \/>\n<meta property=\"og:locale\" content=\"en_US\" \/>\n<meta property=\"og:type\" content=\"article\" \/>\n<meta property=\"og:title\" content=\"Director - Laboratoire de recherche sur les relations, la sexualit\u00e9 et les traumas (Reset)\" \/>\n<meta property=\"og:description\" content=\"[vc_row full_width=&#8221;stretch_row&#8221; css=&#8221;.vc_custom_1692632738891{padding-top: 7.85em !important;padding-bottom: 7.1em !important;background-color: #f6f6f6 !important;}&#8221;][vc_column][\/vc_column][\/vc_row][vc_row full_width=&#8221;stretch_row&#8221; css=&#8221;.vc_custom_1692632843505{padding-top: 0.5em !important;padding-bottom: 0.51em !important;background-color: #eb6263 !important;}&#8221;][vc_column][\/vc_column][\/vc_row][vc_row full_width=&#8221;stretch_row&#8221; css=&#8221;.vc_custom_1482923596477{padding-top: 7.3em !important;padding-bottom: 10.55em !important;}&#8221;][vc_column][vc_row_inner][vc_column_inner width=&#8221;1\/4&#8243;][\/vc_column_inner][vc_column_inner width=&#8221;1\/4&#8243;][\/vc_column_inner][vc_column_inner width=&#8221;1\/4&#8243;][\/vc_column_inner][vc_column_inner width=&#8221;1\/4&#8243;][\/vc_column_inner][\/vc_row_inner][vc_row_inner][vc_column_inner width=&#8221;1\/2&#8243; css=&#8221;.vc_custom_1482923389126{padding-right: 5em !important;}&#8221;][vc_empty_space height=&#8221;60px&#8221; alter_height=&#8221;none&#8221; hide_on_mobile=&#8221;&#8221;][vc_column_text] No\u00e9mie Bigras is Associate Professor in the Psychoeducation and Psychology Department at Universit\u00e9 du Qu\u00e9bec en Outaouais and is the director of the Relationships, Sexuality and&hellip;\" \/>\n<meta property=\"og:url\" content=\"https:\/\/resetlab.uqo.ca\/en\/director\/\" \/>\n<meta property=\"og:site_name\" content=\"Laboratoire de recherche sur les relations, la sexualit\u00e9 et les traumas (Reset)\" \/>\n<meta property=\"article:publisher\" content=\"https:\/\/www.facebook.com\/profile.php?id=61550569136095\" \/>\n<meta property=\"article:modified_time\" content=\"2023-09-08T18:34:30+00:00\" \/>\n<meta name=\"twitter:card\" content=\"summary_large_image\" \/>\n<meta name=\"twitter:site\" content=\"@NoemieBigras\" \/>\n<meta name=\"twitter:label1\" content=\"Est. reading time\" \/>\n\t<meta name=\"twitter:data1\" content=\"2 minutes\" \/>\n<script type=\"application\/ld+json\" class=\"yoast-schema-graph\">{\"@context\":\"https:\/\/schema.org\",\"@graph\":[{\"@type\":\"WebPage\",\"@id\":\"https:\/\/resetlab.uqo.ca\/en\/director\/\",\"url\":\"https:\/\/resetlab.uqo.ca\/en\/director\/\",\"name\":\"Director - Laboratoire de recherche sur les relations, la sexualit\u00e9 et les traumas (Reset)\",\"isPartOf\":{\"@id\":\"https:\/\/resetlab.uqo.ca\/#website\"},\"datePublished\":\"2023-08-21T13:00:55+00:00\",\"dateModified\":\"2023-09-08T18:34:30+00:00\",\"breadcrumb\":{\"@id\":\"https:\/\/resetlab.uqo.ca\/en\/director\/#breadcrumb\"},\"inLanguage\":\"en-US\",\"potentialAction\":[{\"@type\":\"ReadAction\",\"target\":[\"https:\/\/resetlab.uqo.ca\/en\/director\/\"]}]},{\"@type\":\"BreadcrumbList\",\"@id\":\"https:\/\/resetlab.uqo.ca\/en\/director\/#breadcrumb\",\"itemListElement\":[{\"@type\":\"ListItem\",\"position\":1,\"name\":\"Accueil\",\"item\":\"https:\/\/resetlab.uqo.ca\/en\/\"},{\"@type\":\"ListItem\",\"position\":2,\"name\":\"Director\"}]},{\"@type\":\"WebSite\",\"@id\":\"https:\/\/resetlab.uqo.ca\/#website\",\"url\":\"https:\/\/resetlab.uqo.ca\/\",\"name\":\"Laboratoire de recherche sur les relations, la sexualit\u00e9 et les traumas (Reset)\",\"description\":\"RESET LAB\",\"publisher\":{\"@id\":\"https:\/\/resetlab.uqo.ca\/#organization\"},\"potentialAction\":[{\"@type\":\"SearchAction\",\"target\":{\"@type\":\"EntryPoint\",\"urlTemplate\":\"https:\/\/resetlab.uqo.ca\/?s={search_term_string}\"},\"query-input\":{\"@type\":\"PropertyValueSpecification\",\"valueRequired\":true,\"valueName\":\"search_term_string\"}}],\"inLanguage\":\"en-US\"},{\"@type\":\"Organization\",\"@id\":\"https:\/\/resetlab.uqo.ca\/#organization\",\"name\":\"Laboratoire de recherche sur les relations, la sexualit\u00e9 et les traumas (Reset)\",\"url\":\"https:\/\/resetlab.uqo.ca\/\",\"logo\":{\"@type\":\"ImageObject\",\"inLanguage\":\"en-US\",\"@id\":\"https:\/\/resetlab.uqo.ca\/#\/schema\/logo\/image\/\",\"url\":\"https:\/\/resetlab.uqo.ca\/wp-content\/uploads\/2016\/12\/logo_reset.png\",\"contentUrl\":\"https:\/\/resetlab.uqo.ca\/wp-content\/uploads\/2016\/12\/logo_reset.png\",\"width\":3298,\"height\":1394,\"caption\":\"Laboratoire de recherche sur les relations, la sexualit\u00e9 et les traumas (Reset)\"},\"image\":{\"@id\":\"https:\/\/resetlab.uqo.ca\/#\/schema\/logo\/image\/\"},\"sameAs\":[\"https:\/\/www.facebook.com\/profile.php?id=61550569136095\",\"https:\/\/x.com\/NoemieBigras\",\"https:\/\/www.instagram.com\/resetlab_uqo\/\"]}]}<\/script>\n<!-- \/ Yoast SEO plugin. -->","yoast_head_json":{"title":"Director - Laboratoire de recherche sur les relations, la sexualit\u00e9 et les traumas (Reset)","robots":{"index":"index","follow":"follow","max-snippet":"max-snippet:-1","max-image-preview":"max-image-preview:large","max-video-preview":"max-video-preview:-1"},"canonical":"https:\/\/resetlab.uqo.ca\/en\/director\/","og_locale":"en_US","og_type":"article","og_title":"Director - Laboratoire de recherche sur les relations, la sexualit\u00e9 et les traumas (Reset)","og_description":"[vc_row full_width=&#8221;stretch_row&#8221; css=&#8221;.vc_custom_1692632738891{padding-top: 7.85em !important;padding-bottom: 7.1em !important;background-color: #f6f6f6 !important;}&#8221;][vc_column][\/vc_column][\/vc_row][vc_row full_width=&#8221;stretch_row&#8221; css=&#8221;.vc_custom_1692632843505{padding-top: 0.5em !important;padding-bottom: 0.51em !important;background-color: #eb6263 !important;}&#8221;][vc_column][\/vc_column][\/vc_row][vc_row full_width=&#8221;stretch_row&#8221; css=&#8221;.vc_custom_1482923596477{padding-top: 7.3em !important;padding-bottom: 10.55em !important;}&#8221;][vc_column][vc_row_inner][vc_column_inner width=&#8221;1\/4&#8243;][\/vc_column_inner][vc_column_inner width=&#8221;1\/4&#8243;][\/vc_column_inner][vc_column_inner width=&#8221;1\/4&#8243;][\/vc_column_inner][vc_column_inner width=&#8221;1\/4&#8243;][\/vc_column_inner][\/vc_row_inner][vc_row_inner][vc_column_inner width=&#8221;1\/2&#8243; css=&#8221;.vc_custom_1482923389126{padding-right: 5em !important;}&#8221;][vc_empty_space height=&#8221;60px&#8221; alter_height=&#8221;none&#8221; hide_on_mobile=&#8221;&#8221;][vc_column_text] No\u00e9mie Bigras is Associate Professor in the Psychoeducation and Psychology Department at Universit\u00e9 du Qu\u00e9bec en Outaouais and is the director of the Relationships, Sexuality and&hellip;","og_url":"https:\/\/resetlab.uqo.ca\/en\/director\/","og_site_name":"Laboratoire de recherche sur les relations, la sexualit\u00e9 et les traumas (Reset)","article_publisher":"https:\/\/www.facebook.com\/profile.php?id=61550569136095","article_modified_time":"2023-09-08T18:34:30+00:00","twitter_card":"summary_large_image","twitter_site":"@NoemieBigras","twitter_misc":{"Est. reading time":"2 minutes"},"schema":{"@context":"https:\/\/schema.org","@graph":[{"@type":"WebPage","@id":"https:\/\/resetlab.uqo.ca\/en\/director\/","url":"https:\/\/resetlab.uqo.ca\/en\/director\/","name":"Director - Laboratoire de recherche sur les relations, la sexualit\u00e9 et les traumas (Reset)","isPartOf":{"@id":"https:\/\/resetlab.uqo.ca\/#website"},"datePublished":"2023-08-21T13:00:55+00:00","dateModified":"2023-09-08T18:34:30+00:00","breadcrumb":{"@id":"https:\/\/resetlab.uqo.ca\/en\/director\/#breadcrumb"},"inLanguage":"en-US","potentialAction":[{"@type":"ReadAction","target":["https:\/\/resetlab.uqo.ca\/en\/director\/"]}]},{"@type":"BreadcrumbList","@id":"https:\/\/resetlab.uqo.ca\/en\/director\/#breadcrumb","itemListElement":[{"@type":"ListItem","position":1,"name":"Accueil","item":"https:\/\/resetlab.uqo.ca\/en\/"},{"@type":"ListItem","position":2,"name":"Director"}]},{"@type":"WebSite","@id":"https:\/\/resetlab.uqo.ca\/#website","url":"https:\/\/resetlab.uqo.ca\/","name":"Laboratoire de recherche sur les relations, la sexualit\u00e9 et les traumas (Reset)","description":"RESET LAB","publisher":{"@id":"https:\/\/resetlab.uqo.ca\/#organization"},"potentialAction":[{"@type":"SearchAction","target":{"@type":"EntryPoint","urlTemplate":"https:\/\/resetlab.uqo.ca\/?s={search_term_string}"},"query-input":{"@type":"PropertyValueSpecification","valueRequired":true,"valueName":"search_term_string"}}],"inLanguage":"en-US"},{"@type":"Organization","@id":"https:\/\/resetlab.uqo.ca\/#organization","name":"Laboratoire de recherche sur les relations, la sexualit\u00e9 et les traumas (Reset)","url":"https:\/\/resetlab.uqo.ca\/","logo":{"@type":"ImageObject","inLanguage":"en-US","@id":"https:\/\/resetlab.uqo.ca\/#\/schema\/logo\/image\/","url":"https:\/\/resetlab.uqo.ca\/wp-content\/uploads\/2016\/12\/logo_reset.png","contentUrl":"https:\/\/resetlab.uqo.ca\/wp-content\/uploads\/2016\/12\/logo_reset.png","width":3298,"height":1394,"caption":"Laboratoire de recherche sur les relations, la sexualit\u00e9 et les traumas (Reset)"},"image":{"@id":"https:\/\/resetlab.uqo.ca\/#\/schema\/logo\/image\/"},"sameAs":["https:\/\/www.facebook.com\/profile.php?id=61550569136095","https:\/\/x.com\/NoemieBigras","https:\/\/www.instagram.com\/resetlab_uqo\/"]}]}},"_links":{"self":[{"href":"https:\/\/resetlab.uqo.ca\/en\/wp-json\/wp\/v2\/pages\/1862","targetHints":{"allow":["GET"]}}],"collection":[{"href":"https:\/\/resetlab.uqo.ca\/en\/wp-json\/wp\/v2\/pages"}],"about":[{"href":"https:\/\/resetlab.uqo.ca\/en\/wp-json\/wp\/v2\/types\/page"}],"author":[{"embeddable":true,"href":"https:\/\/resetlab.uqo.ca\/en\/wp-json\/wp\/v2\/users\/1"}],"replies":[{"embeddable":true,"href":"https:\/\/resetlab.uqo.ca\/en\/wp-json\/wp\/v2\/comments?post=1862"}],"version-history":[{"count":11,"href":"https:\/\/resetlab.uqo.ca\/en\/wp-json\/wp\/v2\/pages\/1862\/revisions"}],"predecessor-version":[{"id":2481,"href":"https:\/\/resetlab.uqo.ca\/en\/wp-json\/wp\/v2\/pages\/1862\/revisions\/2481"}],"wp:attachment":[{"href":"https:\/\/resetlab.uqo.ca\/en\/wp-json\/wp\/v2\/media?parent=1862"}],"curies":[{"name":"wp","href":"https:\/\/api.w.org\/{rel}","templated":true}]}}