{"id":1865,"date":"2023-08-21T15:55:55","date_gmt":"2023-08-21T15:55:55","guid":{"rendered":"https:\/\/resetlab.uqo.ca\/index.php\/graduate-student\/"},"modified":"2024-12-06T19:28:57","modified_gmt":"2024-12-06T19:28:57","slug":"graduate-student","status":"publish","type":"page","link":"https:\/\/resetlab.uqo.ca\/en\/graduate-student\/","title":{"rendered":"Graduate student"},"content":{"rendered":"<section class=\"wpb-content-wrapper\"><p>[vc_row full_width=&#8221;stretch_row&#8221; css=&#8221;.vc_custom_1692636436163{padding-top: 7.85em !important;padding-bottom: 7.1em !important;}&#8221;][vc_column]<div id=\"sc_content_1899654495\"\n\t\tclass=\"sc_content sc_content_default  vc_custom_1482922733637 sc_content_width_2_3\"><div class=\"sc_content_container\"><div id=\"sc_title_1729282338\"\n\t\tclass=\"sc_title sc_title_default\"><h1 class=\"sc_item_title sc_title_title sc_align_center sc_item_title_style_default sc_item_title_tag\">Graduate students<\/h1><\/div><!-- \/.sc_title --><\/div><\/div><!-- \/.sc_content -->[\/vc_column][\/vc_row][vc_row full_width=&#8221;stretch_row&#8221; css=&#8221;.vc_custom_1692632843505{padding-top: 0.5em !important;padding-bottom: 0.51em !important;background-color: #eb6263 !important;}&#8221;][vc_column][\/vc_column][\/vc_row][vc_row full_width=&#8221;stretch_row&#8221; css=&#8221;.vc_custom_1692636453866{padding-top: 7.3em !important;padding-bottom: 7.3em !important;background-color: #f6f6f6 !important;}&#8221;][vc_column]<div id=\"sc_title_1582577191\"\n\t\tclass=\"sc_title sc_title_default  vc_custom_1717267561089\"><h6 class=\"sc_item_subtitle sc_title_subtitle sc_align_left sc_item_title_style_default\">Graduate student<\/h6><h3 class=\"sc_item_title sc_title_title sc_align_left sc_item_title_style_default sc_item_title_tag\">Naomi Cadieux<\/h3><div class=\"sc_item_descr sc_title_descr sc_align_left\">Doctoral student in clinical psychology (D.Psy)<\/div><\/div><!-- \/.sc_title -->[vc_row_inner][vc_column_inner width=&#8221;1\/2&#8243; css=&#8221;.vc_custom_1482923389126{padding-right: 5em !important;}&#8221;][vc_empty_space height=&#8221;60px&#8221; alter_height=&#8221;none&#8221; hide_on_mobile=&#8221;&#8221;][vc_column_text]Naomi (she\/her) holds a Bachelor&#8217;s degree in Psychology (B. Sc.) from the Universit\u00e9 de Montr\u00e9al. She is a Doctoral candidate in Clinical Psychology, clinical option (PsyD) at Universit\u00e9 du Qu\u00e9bec en Outaouais since September 2023, under the supervision of Dr. No\u00e9mie Bigras, Ph.D. Her research interests include couple psychology, specifically the impacts of interpersonal traumas on relationship functioning and couples&#8217; sexual well-being.[\/vc_column_text][\/vc_column_inner][vc_column_inner width=&#8221;1\/2&#8243;][vc_single_image image=&#8221;1797&#8243; img_size=&#8221;full&#8221; alignment=&#8221;center&#8221; style=&#8221;vc_box_border_circle_2&#8243;][\/vc_column_inner][\/vc_row_inner][\/vc_column][\/vc_row][vc_row full_width=&#8221;stretch_row&#8221; css=&#8221;.vc_custom_1692636453866{padding-top: 7.3em !important;padding-bottom: 7.3em !important;background-color: #f6f6f6 !important;}&#8221;][vc_column]<div id=\"sc_title_1485164260\"\n\t\tclass=\"sc_title sc_title_default  vc_custom_1717267674611\"><h6 class=\"sc_item_subtitle sc_title_subtitle sc_align_left sc_item_title_style_default\">Graduate student<\/h6><h3 class=\"sc_item_title sc_title_title sc_align_left sc_item_title_style_default sc_item_title_tag\">Sarah Kholkhal<\/h3><div class=\"sc_item_descr sc_title_descr sc_align_left\">Doctoral student in clinical psychology (D.Psy)<\/div><\/div><!-- \/.sc_title -->[vc_row_inner][vc_column_inner width=&#8221;1\/2&#8243; css=&#8221;.vc_custom_1482923389126{padding-right: 5em !important;}&#8221;][vc_empty_space height=&#8221;60px&#8221; alter_height=&#8221;none&#8221; hide_on_mobile=&#8221;&#8221;][vc_column_text]Sarah (she\/her) completed her bachelor\u2019s degree in psychology at Universit\u00e9 de Montr\u00e9al. Since September 2024, she is a Doctoral candidate in Clinical Psychology, clinical option (PsyD) at Universit\u00e9 du Qu\u00e9bec en Outaouais, under the supervision of Dr. No\u00e9mie Bigras, Ph.D. Her research interests primarily focus on the impacts of childhood traumas on relationship functioning and couples\u2019 sexual well-being.[\/vc_column_text][\/vc_column_inner][vc_column_inner width=&#8221;1\/2&#8243;][vc_single_image image=&#8221;2650&#8243; img_size=&#8221;full&#8221; alignment=&#8221;center&#8221; style=&#8221;vc_box_border_circle_2&#8243;][\/vc_column_inner][\/vc_row_inner][\/vc_column][\/vc_row][vc_row full_width=&#8221;stretch_row&#8221; css=&#8221;.vc_custom_1692636453866{padding-top: 7.3em !important;padding-bottom: 7.3em !important;background-color: #f6f6f6 !important;}&#8221;][vc_column]<div id=\"sc_title_493658771\"\n\t\tclass=\"sc_title sc_title_default  vc_custom_1726947492632\"><h6 class=\"sc_item_subtitle sc_title_subtitle sc_align_left sc_item_title_style_default\">Graduate student<\/h6><h3 class=\"sc_item_title sc_title_title sc_align_left sc_item_title_style_default sc_item_title_tag\">Claudie Berniquez<\/h3><div class=\"sc_item_descr sc_title_descr sc_align_left\">Doctoral student in clinical psychology (D.Psy)<\/div><\/div><!-- \/.sc_title -->[vc_row_inner][vc_column_inner width=&#8221;1\/2&#8243; css=&#8221;.vc_custom_1482923389126{padding-right: 5em !important;}&#8221;][vc_empty_space height=&#8221;60px&#8221; alter_height=&#8221;none&#8221; hide_on_mobile=&#8221;&#8221;][vc_column_text]Claudie (she\/her) holds a Bachelor of Science in Psychology from the Universit\u00e9 du Qu\u00e9bec en Outaouais. She is currently a doctoral candidate in Clinical Psychology (PsyD), with a focus on adults, at the Universit\u00e9 du Qu\u00e9bec en Outaouais, since September 2024, under the co-supervision of Dr. No\u00e9mie Bigras, Ph.D. Her research interests focus on sexual coercion within couples, specifically examining stereotypical sexual scripts and patterns of sexual communication.[\/vc_column_text][\/vc_column_inner][vc_column_inner width=&#8221;1\/2&#8243;][vc_single_image image=&#8221;2723&#8243; img_size=&#8221;full&#8221; alignment=&#8221;center&#8221; style=&#8221;vc_box_border_circle_2&#8243;][\/vc_column_inner][\/vc_row_inner][\/vc_column][\/vc_row][vc_row full_width=&#8221;stretch_row&#8221; css=&#8221;.vc_custom_1692636453866{padding-top: 7.3em !important;padding-bottom: 7.3em !important;background-color: #f6f6f6 !important;}&#8221;][vc_column]<div id=\"sc_title_1305606082\"\n\t\tclass=\"sc_title sc_title_default  vc_custom_1733513261080\"><h6 class=\"sc_item_subtitle sc_title_subtitle sc_align_left sc_item_title_style_default\">Graduate student<\/h6><h3 class=\"sc_item_title sc_title_title sc_align_left sc_item_title_style_default sc_item_title_tag\">Samuelle Lalancette<\/h3><div class=\"sc_item_descr sc_title_descr sc_align_left\">Doctoral student in clinical psychology (D.Psy)<\/div><\/div><!-- \/.sc_title -->[vc_row_inner][vc_column_inner width=&#8221;1\/2&#8243; css=&#8221;.vc_custom_1482923389126{padding-right: 5em !important;}&#8221;][vc_empty_space height=&#8221;60px&#8221; alter_height=&#8221;none&#8221; hide_on_mobile=&#8221;&#8221;][vc_column_text]Samuelle (she\/her) holds a Bachelor&#8217;s degree in psychology from the Universit\u00e9 de Montreal and completed two years of a Master&#8217;s in Sexology at the Universit\u00e9 du Quebec \u00e0 Montreal. She is currently a doctoral student in Clinical Adult Psychology (D. Psy) at the Universit\u00e9 de Sherbrooke, under the supervision of No\u00e9mie Bigras. Her main research interests focus on the impact of childhood interpersonal trauma on the sexual and relational well-being of couples. She is also interested in attachment, emotional regulation, and couples therapy.[\/vc_column_text][\/vc_column_inner][vc_column_inner width=&#8221;1\/2&#8243;][vc_single_image image=&#8221;2772&#8243; img_size=&#8221;full&#8221; alignment=&#8221;center&#8221; style=&#8221;vc_box_border_circle_2&#8243;][\/vc_column_inner][\/vc_row_inner][\/vc_column][\/vc_row][vc_row full_width=&#8221;stretch_row&#8221; css=&#8221;.vc_custom_1692636447116{padding-top: 7.3em !important;padding-bottom: 10.55em !important;}&#8221;][vc_column]<div id=\"sc_title_1722859561\"\n\t\tclass=\"sc_title sc_title_default  vc_custom_1732057073098\"><h6 class=\"sc_item_subtitle sc_title_subtitle sc_align_left sc_item_title_style_default\">Graduate student<\/h6><h3 class=\"sc_item_title sc_title_title sc_align_left sc_item_title_style_default sc_item_title_tag\">Lydia Pedneault<\/h3><div class=\"sc_item_descr sc_title_descr sc_align_left\">Master's student in psychology (M.Sc.)<\/div><\/div><!-- \/.sc_title -->[vc_row_inner][vc_column_inner width=&#8221;1\/2&#8243; css=&#8221;.vc_custom_1482923389126{padding-right: 5em !important;}&#8221;][vc_empty_space height=&#8221;60px&#8221; alter_height=&#8221;none&#8221; hide_on_mobile=&#8221;&#8221;][vc_column_text]Lydia (she\/her) completed her bachelor&#8217;s degree in psychology at Universit\u00e9 de Montr\u00e9al. She is currently a Master&#8217;s student in Psychology at Universit\u00e9 de Montr\u00e9al under the supervision of Dr. Sophie Bergeron (UdeM) and Dr. No\u00e9mie Bigras (Universit\u00e9 du Qu\u00e9bec en Outaouais). She has been a research assistant in the Reset research laboratory since summer 2023. Her research interests include relational variables such as attachment and spousal support, but also sexuality-related variables such as sexual communication and sexual satisfaction.[\/vc_column_text][\/vc_column_inner][vc_column_inner width=&#8221;1\/2&#8243;][vc_single_image image=&#8221;2524&#8243; img_size=&#8221;full&#8221; alignment=&#8221;center&#8221; style=&#8221;vc_box_border_circle_2&#8243;][\/vc_column_inner][\/vc_row_inner][\/vc_column][\/vc_row]<\/p>\n<\/section>","protected":false},"excerpt":{"rendered":"<p>[vc_row full_width=&#8221;stretch_row&#8221; css=&#8221;.vc_custom_1692636436163{padding-top: 7.85em !important;padding-bottom: 7.1em !important;}&#8221;][vc_column][\/vc_column][\/vc_row][vc_row full_width=&#8221;stretch_row&#8221; css=&#8221;.vc_custom_1692632843505{padding-top: 0.5em !important;padding-bottom: 0.51em !important;background-color: #eb6263 !important;}&#8221;][vc_column][\/vc_column][\/vc_row][vc_row full_width=&#8221;stretch_row&#8221; css=&#8221;.vc_custom_1692636453866{padding-top: 7.3em !important;padding-bottom: 7.3em !important;background-color: #f6f6f6 !important;}&#8221;][vc_column][vc_row_inner][vc_column_inner width=&#8221;1\/2&#8243; css=&#8221;.vc_custom_1482923389126{padding-right: 5em !important;}&#8221;][vc_empty_space height=&#8221;60px&#8221; alter_height=&#8221;none&#8221; hide_on_mobile=&#8221;&#8221;][vc_column_text]Naomi (she\/her) holds a Bachelor&#8217;s degree in Psychology (B. Sc.) from the Universit\u00e9 de Montr\u00e9al. She is a Doctoral candidate in Clinical Psychology, clinical option (PsyD) at Universit\u00e9 du Qu\u00e9bec en&hellip;<\/p>\n","protected":false},"author":1,"featured_media":0,"parent":0,"menu_order":0,"comment_status":"closed","ping_status":"closed","template":"","meta":{"_monsterinsights_skip_tracking":false,"_monsterinsights_sitenote_active":false,"_monsterinsights_sitenote_note":"","_monsterinsights_sitenote_category":0,"footnotes":""},"class_list":["post-1865","page","type-page","status-publish","hentry"],"yoast_head":"<!-- This site is optimized with the Yoast SEO plugin v26.2 - https:\/\/yoast.com\/wordpress\/plugins\/seo\/ -->\n<title>Graduate student - Laboratoire de recherche sur les relations, la sexualit\u00e9 et les traumas (Reset)<\/title>\n<meta name=\"robots\" content=\"index, follow, max-snippet:-1, max-image-preview:large, max-video-preview:-1\" \/>\n<link rel=\"canonical\" href=\"https:\/\/resetlab.uqo.ca\/doctorat-et-maitrise\/\" \/>\n<meta property=\"og:locale\" content=\"en_US\" \/>\n<meta property=\"og:type\" content=\"article\" \/>\n<meta property=\"og:title\" content=\"Graduate student - Laboratoire de recherche sur les relations, la sexualit\u00e9 et les traumas (Reset)\" \/>\n<meta property=\"og:description\" content=\"[vc_row full_width=&#8221;stretch_row&#8221; css=&#8221;.vc_custom_1692636436163{padding-top: 7.85em !important;padding-bottom: 7.1em !important;}&#8221;][vc_column][\/vc_column][\/vc_row][vc_row full_width=&#8221;stretch_row&#8221; css=&#8221;.vc_custom_1692632843505{padding-top: 0.5em !important;padding-bottom: 0.51em !important;background-color: #eb6263 !important;}&#8221;][vc_column][\/vc_column][\/vc_row][vc_row full_width=&#8221;stretch_row&#8221; css=&#8221;.vc_custom_1692636453866{padding-top: 7.3em !important;padding-bottom: 7.3em !important;background-color: #f6f6f6 !important;}&#8221;][vc_column][vc_row_inner][vc_column_inner width=&#8221;1\/2&#8243; css=&#8221;.vc_custom_1482923389126{padding-right: 5em !important;}&#8221;][vc_empty_space height=&#8221;60px&#8221; alter_height=&#8221;none&#8221; hide_on_mobile=&#8221;&#8221;][vc_column_text]Naomi (she\/her) holds a Bachelor&#8217;s degree in Psychology (B. Sc.) from the Universit\u00e9 de Montr\u00e9al. She is a Doctoral candidate in Clinical Psychology, clinical option (PsyD) at Universit\u00e9 du Qu\u00e9bec en&hellip;\" \/>\n<meta property=\"og:url\" content=\"https:\/\/resetlab.uqo.ca\/doctorat-et-maitrise\/\" \/>\n<meta property=\"og:site_name\" content=\"Laboratoire de recherche sur les relations, la sexualit\u00e9 et les traumas (Reset)\" \/>\n<meta property=\"article:publisher\" content=\"https:\/\/www.facebook.com\/profile.php?id=61550569136095\" \/>\n<meta property=\"article:modified_time\" content=\"2024-12-06T19:28:57+00:00\" \/>\n<meta name=\"twitter:card\" content=\"summary_large_image\" \/>\n<meta name=\"twitter:site\" content=\"@NoemieBigras\" \/>\n<meta name=\"twitter:label1\" content=\"Est. reading time\" \/>\n\t<meta name=\"twitter:data1\" content=\"5 minutes\" \/>\n<script type=\"application\/ld+json\" class=\"yoast-schema-graph\">{\"@context\":\"https:\/\/schema.org\",\"@graph\":[{\"@type\":\"WebPage\",\"@id\":\"https:\/\/resetlab.uqo.ca\/doctorat-et-maitrise\/\",\"url\":\"https:\/\/resetlab.uqo.ca\/doctorat-et-maitrise\/\",\"name\":\"Graduate student - Laboratoire de recherche sur les relations, la sexualit\u00e9 et les traumas (Reset)\",\"isPartOf\":{\"@id\":\"https:\/\/resetlab.uqo.ca\/#website\"},\"datePublished\":\"2023-08-21T15:55:55+00:00\",\"dateModified\":\"2024-12-06T19:28:57+00:00\",\"breadcrumb\":{\"@id\":\"https:\/\/resetlab.uqo.ca\/doctorat-et-maitrise\/#breadcrumb\"},\"inLanguage\":\"en-US\",\"potentialAction\":[{\"@type\":\"ReadAction\",\"target\":[\"https:\/\/resetlab.uqo.ca\/doctorat-et-maitrise\/\"]}]},{\"@type\":\"BreadcrumbList\",\"@id\":\"https:\/\/resetlab.uqo.ca\/doctorat-et-maitrise\/#breadcrumb\",\"itemListElement\":[{\"@type\":\"ListItem\",\"position\":1,\"name\":\"Accueil\",\"item\":\"https:\/\/resetlab.uqo.ca\/en\/\"},{\"@type\":\"ListItem\",\"position\":2,\"name\":\"Graduate student\"}]},{\"@type\":\"WebSite\",\"@id\":\"https:\/\/resetlab.uqo.ca\/#website\",\"url\":\"https:\/\/resetlab.uqo.ca\/\",\"name\":\"Laboratoire de recherche sur les relations, la sexualit\u00e9 et les traumas (Reset)\",\"description\":\"RESET LAB\",\"publisher\":{\"@id\":\"https:\/\/resetlab.uqo.ca\/#organization\"},\"potentialAction\":[{\"@type\":\"SearchAction\",\"target\":{\"@type\":\"EntryPoint\",\"urlTemplate\":\"https:\/\/resetlab.uqo.ca\/?s={search_term_string}\"},\"query-input\":{\"@type\":\"PropertyValueSpecification\",\"valueRequired\":true,\"valueName\":\"search_term_string\"}}],\"inLanguage\":\"en-US\"},{\"@type\":\"Organization\",\"@id\":\"https:\/\/resetlab.uqo.ca\/#organization\",\"name\":\"Laboratoire de recherche sur les relations, la sexualit\u00e9 et les traumas (Reset)\",\"url\":\"https:\/\/resetlab.uqo.ca\/\",\"logo\":{\"@type\":\"ImageObject\",\"inLanguage\":\"en-US\",\"@id\":\"https:\/\/resetlab.uqo.ca\/#\/schema\/logo\/image\/\",\"url\":\"https:\/\/resetlab.uqo.ca\/wp-content\/uploads\/2016\/12\/logo_reset.png\",\"contentUrl\":\"https:\/\/resetlab.uqo.ca\/wp-content\/uploads\/2016\/12\/logo_reset.png\",\"width\":3298,\"height\":1394,\"caption\":\"Laboratoire de recherche sur les relations, la sexualit\u00e9 et les traumas (Reset)\"},\"image\":{\"@id\":\"https:\/\/resetlab.uqo.ca\/#\/schema\/logo\/image\/\"},\"sameAs\":[\"https:\/\/www.facebook.com\/profile.php?id=61550569136095\",\"https:\/\/x.com\/NoemieBigras\",\"https:\/\/www.instagram.com\/resetlab_uqo\/\"]}]}<\/script>\n<!-- \/ Yoast SEO plugin. -->","yoast_head_json":{"title":"Graduate student - Laboratoire de recherche sur les relations, la sexualit\u00e9 et les traumas (Reset)","robots":{"index":"index","follow":"follow","max-snippet":"max-snippet:-1","max-image-preview":"max-image-preview:large","max-video-preview":"max-video-preview:-1"},"canonical":"https:\/\/resetlab.uqo.ca\/doctorat-et-maitrise\/","og_locale":"en_US","og_type":"article","og_title":"Graduate student - Laboratoire de recherche sur les relations, la sexualit\u00e9 et les traumas (Reset)","og_description":"[vc_row full_width=&#8221;stretch_row&#8221; css=&#8221;.vc_custom_1692636436163{padding-top: 7.85em !important;padding-bottom: 7.1em !important;}&#8221;][vc_column][\/vc_column][\/vc_row][vc_row full_width=&#8221;stretch_row&#8221; css=&#8221;.vc_custom_1692632843505{padding-top: 0.5em !important;padding-bottom: 0.51em !important;background-color: #eb6263 !important;}&#8221;][vc_column][\/vc_column][\/vc_row][vc_row full_width=&#8221;stretch_row&#8221; css=&#8221;.vc_custom_1692636453866{padding-top: 7.3em !important;padding-bottom: 7.3em !important;background-color: #f6f6f6 !important;}&#8221;][vc_column][vc_row_inner][vc_column_inner width=&#8221;1\/2&#8243; css=&#8221;.vc_custom_1482923389126{padding-right: 5em !important;}&#8221;][vc_empty_space height=&#8221;60px&#8221; alter_height=&#8221;none&#8221; hide_on_mobile=&#8221;&#8221;][vc_column_text]Naomi (she\/her) holds a Bachelor&#8217;s degree in Psychology (B. Sc.) from the Universit\u00e9 de Montr\u00e9al. She is a Doctoral candidate in Clinical Psychology, clinical option (PsyD) at Universit\u00e9 du Qu\u00e9bec en&hellip;","og_url":"https:\/\/resetlab.uqo.ca\/doctorat-et-maitrise\/","og_site_name":"Laboratoire de recherche sur les relations, la sexualit\u00e9 et les traumas (Reset)","article_publisher":"https:\/\/www.facebook.com\/profile.php?id=61550569136095","article_modified_time":"2024-12-06T19:28:57+00:00","twitter_card":"summary_large_image","twitter_site":"@NoemieBigras","twitter_misc":{"Est. reading time":"5 minutes"},"schema":{"@context":"https:\/\/schema.org","@graph":[{"@type":"WebPage","@id":"https:\/\/resetlab.uqo.ca\/doctorat-et-maitrise\/","url":"https:\/\/resetlab.uqo.ca\/doctorat-et-maitrise\/","name":"Graduate student - Laboratoire de recherche sur les relations, la sexualit\u00e9 et les traumas (Reset)","isPartOf":{"@id":"https:\/\/resetlab.uqo.ca\/#website"},"datePublished":"2023-08-21T15:55:55+00:00","dateModified":"2024-12-06T19:28:57+00:00","breadcrumb":{"@id":"https:\/\/resetlab.uqo.ca\/doctorat-et-maitrise\/#breadcrumb"},"inLanguage":"en-US","potentialAction":[{"@type":"ReadAction","target":["https:\/\/resetlab.uqo.ca\/doctorat-et-maitrise\/"]}]},{"@type":"BreadcrumbList","@id":"https:\/\/resetlab.uqo.ca\/doctorat-et-maitrise\/#breadcrumb","itemListElement":[{"@type":"ListItem","position":1,"name":"Accueil","item":"https:\/\/resetlab.uqo.ca\/en\/"},{"@type":"ListItem","position":2,"name":"Graduate student"}]},{"@type":"WebSite","@id":"https:\/\/resetlab.uqo.ca\/#website","url":"https:\/\/resetlab.uqo.ca\/","name":"Laboratoire de recherche sur les relations, la sexualit\u00e9 et les traumas (Reset)","description":"RESET LAB","publisher":{"@id":"https:\/\/resetlab.uqo.ca\/#organization"},"potentialAction":[{"@type":"SearchAction","target":{"@type":"EntryPoint","urlTemplate":"https:\/\/resetlab.uqo.ca\/?s={search_term_string}"},"query-input":{"@type":"PropertyValueSpecification","valueRequired":true,"valueName":"search_term_string"}}],"inLanguage":"en-US"},{"@type":"Organization","@id":"https:\/\/resetlab.uqo.ca\/#organization","name":"Laboratoire de recherche sur les relations, la sexualit\u00e9 et les traumas (Reset)","url":"https:\/\/resetlab.uqo.ca\/","logo":{"@type":"ImageObject","inLanguage":"en-US","@id":"https:\/\/resetlab.uqo.ca\/#\/schema\/logo\/image\/","url":"https:\/\/resetlab.uqo.ca\/wp-content\/uploads\/2016\/12\/logo_reset.png","contentUrl":"https:\/\/resetlab.uqo.ca\/wp-content\/uploads\/2016\/12\/logo_reset.png","width":3298,"height":1394,"caption":"Laboratoire de recherche sur les relations, la sexualit\u00e9 et les traumas (Reset)"},"image":{"@id":"https:\/\/resetlab.uqo.ca\/#\/schema\/logo\/image\/"},"sameAs":["https:\/\/www.facebook.com\/profile.php?id=61550569136095","https:\/\/x.com\/NoemieBigras","https:\/\/www.instagram.com\/resetlab_uqo\/"]}]}},"_links":{"self":[{"href":"https:\/\/resetlab.uqo.ca\/en\/wp-json\/wp\/v2\/pages\/1865","targetHints":{"allow":["GET"]}}],"collection":[{"href":"https:\/\/resetlab.uqo.ca\/en\/wp-json\/wp\/v2\/pages"}],"about":[{"href":"https:\/\/resetlab.uqo.ca\/en\/wp-json\/wp\/v2\/types\/page"}],"author":[{"embeddable":true,"href":"https:\/\/resetlab.uqo.ca\/en\/wp-json\/wp\/v2\/users\/1"}],"replies":[{"embeddable":true,"href":"https:\/\/resetlab.uqo.ca\/en\/wp-json\/wp\/v2\/comments?post=1865"}],"version-history":[{"count":15,"href":"https:\/\/resetlab.uqo.ca\/en\/wp-json\/wp\/v2\/pages\/1865\/revisions"}],"predecessor-version":[{"id":2775,"href":"https:\/\/resetlab.uqo.ca\/en\/wp-json\/wp\/v2\/pages\/1865\/revisions\/2775"}],"wp:attachment":[{"href":"https:\/\/resetlab.uqo.ca\/en\/wp-json\/wp\/v2\/media?parent=1865"}],"curies":[{"name":"wp","href":"https:\/\/api.w.org\/{rel}","templated":true}]}}