{"id":1946,"date":"2016-12-08T11:44:11","date_gmt":"2016-12-08T11:44:11","guid":{"rendered":"https:\/\/resetlab.uqo.ca\/contact\/"},"modified":"2023-09-08T15:30:19","modified_gmt":"2023-09-08T15:30:19","slug":"contact","status":"publish","type":"page","link":"https:\/\/resetlab.uqo.ca\/en\/contact\/","title":{"rendered":"Contact"},"content":{"rendered":"<section class=\"wpb-content-wrapper\"><p>[vc_row full_width=&#8221;stretch_row_content&#8221; css=&#8221;.vc_custom_1692805794692{padding-top: 7.3em !important;padding-bottom: 9.7em !important;background-color: #f6f6f6 !important;}&#8221;][vc_column]<div id=\"sc_title_542659889\"\n\t\tclass=\"sc_title sc_title_default\"><h3 class=\"sc_item_title sc_title_title sc_align_center sc_item_title_style_default\">Contact<\/h3><\/div><!-- \/.sc_title -->[\/vc_column][\/vc_row][vc_row full_width=&#8221;stretch_row&#8221; css=&#8221;.vc_custom_1692632843505{padding-top: 0.5em !important;padding-bottom: 0.51em !important;background-color: #eb6263 !important;}&#8221;][vc_column][\/vc_column][\/vc_row][vc_row][vc_column width=&#8221;1\/2&#8243;][vc_empty_space height=&#8221;100px&#8221; alter_height=&#8221;none&#8221; hide_on_mobile=&#8221;&#8221;]<div id=\"sc_title_367947703\"\n\t\tclass=\"sc_title sc_title_default\"><h6 class=\"sc_item_subtitle sc_title_subtitle sc_align_left sc_item_title_style_default\">Location<\/h6><h5 class=\"sc_item_title sc_title_title sc_align_left sc_item_title_style_default sc_item_title_tag\">Pavillon Alexandre-Tach\u00e9<\/h5><div class=\"sc_item_descr sc_title_descr sc_align_left\">D\u00e9partement de psycho\u00e9ducation et de psychologie Universit\u00e9 du Qu\u00e9bec en Outaouais 283, boul. Alexandre-Tach\u00e9 Gatineau (Qu\u00e9bec), J8X 3X7<\/div><\/div><!-- \/.sc_title -->[vc_empty_space height=&#8221;100px&#8221; alter_height=&#8221;none&#8221; hide_on_mobile=&#8221;&#8221;][\/vc_column][vc_column width=&#8221;1\/2&#8243;][vc_empty_space height=&#8221;100px&#8221; alter_height=&#8221;none&#8221; hide_on_mobile=&#8221;&#8221;]<div id=\"sc_title_414735156\"\n\t\tclass=\"sc_title sc_title_default\"><h6 class=\"sc_item_subtitle sc_title_subtitle sc_align_left sc_item_title_style_default\">Reach us<\/h6><h5 class=\"sc_item_title sc_title_title sc_align_left sc_item_title_style_default sc_item_title_tag\">No\u00e9mie Bigras, Ph.D<\/h5><div class=\"sc_item_descr sc_title_descr sc_align_left\">Phone: 819 595-3900, poste 2550<\/div><div class=\"sc_item_button sc_item_button_default sc_title_button sc_align_left sc_button_wrap\"><a href=\"mailto:noemie.bigras@uqo.ca\" id=\"sc_button_968014270\" class=\"sc_button sc_button_default sc_button_size_normal sc_button_icon_left\"><span class=\"sc_button_text\"><span class=\"sc_button_title\">Email: noemie.bigras@uqo.ca<\/span><\/span><!-- \/.sc_button_text --><\/a><!-- \/.sc_button --><\/div><!-- \/.sc_item_button sc_item_button_default sc_title_button sc_align_left --><\/div><!-- \/.sc_title -->[vc_empty_space height=&#8221;100px&#8221; alter_height=&#8221;none&#8221; hide_on_mobile=&#8221;&#8221;][\/vc_column][\/vc_row][vc_row full_width=&#8221;stretch_row_content_no_spaces&#8221; css=&#8221;.vc_custom_1692805463065{background-position: center !important;background-repeat: no-repeat !important;background-size: cover !important;}&#8221;][vc_column css=&#8221;.vc_custom_1692804980717{background-image: url(https:\/\/resetlab.uqo.ca\/wp-content\/uploads\/2023\/08\/Photo-facade-uqo-2022-copie.png?id=1667) !important;background-position: center !important;background-repeat: no-repeat !important;background-size: cover !important;}&#8221;][vc_empty_space height=&#8221;500px&#8221; alter_height=&#8221;none&#8221; hide_on_mobile=&#8221;&#8221;][\/vc_column][\/vc_row]<\/p>\n<\/section>","protected":false},"excerpt":{"rendered":"<p>[vc_row full_width=&#8221;stretch_row_content&#8221; css=&#8221;.vc_custom_1692805794692{padding-top: 7.3em !important;padding-bottom: 9.7em !important;background-color: #f6f6f6 !important;}&#8221;][vc_column][\/vc_column][\/vc_row][vc_row full_width=&#8221;stretch_row&#8221; css=&#8221;.vc_custom_1692632843505{padding-top: 0.5em !important;padding-bottom: 0.51em !important;background-color: #eb6263 !important;}&#8221;][vc_column][\/vc_column][\/vc_row][vc_row][vc_column width=&#8221;1\/2&#8243;][vc_empty_space height=&#8221;100px&#8221; alter_height=&#8221;none&#8221; hide_on_mobile=&#8221;&#8221;][vc_empty_space height=&#8221;100px&#8221; alter_height=&#8221;none&#8221; hide_on_mobile=&#8221;&#8221;][\/vc_column][vc_column width=&#8221;1\/2&#8243;][vc_empty_space height=&#8221;100px&#8221; alter_height=&#8221;none&#8221; hide_on_mobile=&#8221;&#8221;][vc_empty_space height=&#8221;100px&#8221; alter_height=&#8221;none&#8221; hide_on_mobile=&#8221;&#8221;][\/vc_column][\/vc_row][vc_row full_width=&#8221;stretch_row_content_no_spaces&#8221; css=&#8221;.vc_custom_1692805463065{background-position: center !important;background-repeat: no-repeat !important;background-size: cover !important;}&#8221;][vc_column css=&#8221;.vc_custom_1692804980717{background-image: url(https:\/\/resetlab.uqo.ca\/wp-content\/uploads\/2023\/08\/Photo-facade-uqo-2022-copie.png?id=1667) !important;background-position: center !important;background-repeat: no-repeat !important;background-size: cover !important;}&#8221;][vc_empty_space height=&#8221;500px&#8221; alter_height=&#8221;none&#8221; hide_on_mobile=&#8221;&#8221;][\/vc_column][\/vc_row]<\/p>\n","protected":false},"author":1,"featured_media":0,"parent":0,"menu_order":0,"comment_status":"closed","ping_status":"closed","template":"","meta":{"_monsterinsights_skip_tracking":false,"_monsterinsights_sitenote_active":false,"_monsterinsights_sitenote_note":"","_monsterinsights_sitenote_category":0,"footnotes":""},"class_list":["post-1946","page","type-page","status-publish","hentry"],"yoast_head":"<!-- This site is optimized with the Yoast SEO plugin v26.2 - https:\/\/yoast.com\/wordpress\/plugins\/seo\/ -->\n<title>Contact - Laboratoire de recherche sur les relations, la sexualit\u00e9 et les traumas (Reset)<\/title>\n<meta name=\"robots\" content=\"index, follow, max-snippet:-1, max-image-preview:large, max-video-preview:-1\" \/>\n<link rel=\"canonical\" href=\"https:\/\/resetlab.uqo.ca\/en\/contact\/\" \/>\n<meta property=\"og:locale\" content=\"en_US\" \/>\n<meta property=\"og:type\" content=\"article\" \/>\n<meta property=\"og:title\" content=\"Contact - Laboratoire de recherche sur les relations, la sexualit\u00e9 et les traumas (Reset)\" \/>\n<meta property=\"og:description\" content=\"[vc_row full_width=&#8221;stretch_row_content&#8221; css=&#8221;.vc_custom_1692805794692{padding-top: 7.3em !important;padding-bottom: 9.7em !important;background-color: #f6f6f6 !important;}&#8221;][vc_column][\/vc_column][\/vc_row][vc_row full_width=&#8221;stretch_row&#8221; css=&#8221;.vc_custom_1692632843505{padding-top: 0.5em !important;padding-bottom: 0.51em !important;background-color: #eb6263 !important;}&#8221;][vc_column][\/vc_column][\/vc_row][vc_row][vc_column width=&#8221;1\/2&#8243;][vc_empty_space height=&#8221;100px&#8221; alter_height=&#8221;none&#8221; hide_on_mobile=&#8221;&#8221;][vc_empty_space height=&#8221;100px&#8221; alter_height=&#8221;none&#8221; hide_on_mobile=&#8221;&#8221;][\/vc_column][vc_column width=&#8221;1\/2&#8243;][vc_empty_space height=&#8221;100px&#8221; alter_height=&#8221;none&#8221; hide_on_mobile=&#8221;&#8221;][vc_empty_space height=&#8221;100px&#8221; alter_height=&#8221;none&#8221; hide_on_mobile=&#8221;&#8221;][\/vc_column][\/vc_row][vc_row full_width=&#8221;stretch_row_content_no_spaces&#8221; css=&#8221;.vc_custom_1692805463065{background-position: center !important;background-repeat: no-repeat !important;background-size: cover !important;}&#8221;][vc_column css=&#8221;.vc_custom_1692804980717{background-image: url(https:\/\/resetlab.uqo.ca\/wp-content\/uploads\/2023\/08\/Photo-facade-uqo-2022-copie.png?id=1667) !important;background-position: center !important;background-repeat: no-repeat !important;background-size: cover !important;}&#8221;][vc_empty_space height=&#8221;500px&#8221; alter_height=&#8221;none&#8221; hide_on_mobile=&#8221;&#8221;][\/vc_column][\/vc_row]\" \/>\n<meta property=\"og:url\" content=\"https:\/\/resetlab.uqo.ca\/en\/contact\/\" \/>\n<meta property=\"og:site_name\" content=\"Laboratoire de recherche sur les relations, la sexualit\u00e9 et les traumas (Reset)\" \/>\n<meta property=\"article:publisher\" content=\"https:\/\/www.facebook.com\/profile.php?id=61550569136095\" \/>\n<meta property=\"article:modified_time\" content=\"2023-09-08T15:30:19+00:00\" \/>\n<meta name=\"twitter:card\" content=\"summary_large_image\" \/>\n<meta name=\"twitter:site\" content=\"@NoemieBigras\" \/>\n<meta name=\"twitter:label1\" content=\"Est. reading time\" \/>\n\t<meta name=\"twitter:data1\" content=\"1 minute\" \/>\n<script type=\"application\/ld+json\" class=\"yoast-schema-graph\">{\"@context\":\"https:\/\/schema.org\",\"@graph\":[{\"@type\":\"WebPage\",\"@id\":\"https:\/\/resetlab.uqo.ca\/en\/contact\/\",\"url\":\"https:\/\/resetlab.uqo.ca\/en\/contact\/\",\"name\":\"Contact - Laboratoire de recherche sur les relations, la sexualit\u00e9 et les traumas (Reset)\",\"isPartOf\":{\"@id\":\"https:\/\/resetlab.uqo.ca\/#website\"},\"datePublished\":\"2016-12-08T11:44:11+00:00\",\"dateModified\":\"2023-09-08T15:30:19+00:00\",\"breadcrumb\":{\"@id\":\"https:\/\/resetlab.uqo.ca\/en\/contact\/#breadcrumb\"},\"inLanguage\":\"en-US\",\"potentialAction\":[{\"@type\":\"ReadAction\",\"target\":[\"https:\/\/resetlab.uqo.ca\/en\/contact\/\"]}]},{\"@type\":\"BreadcrumbList\",\"@id\":\"https:\/\/resetlab.uqo.ca\/en\/contact\/#breadcrumb\",\"itemListElement\":[{\"@type\":\"ListItem\",\"position\":1,\"name\":\"Accueil\",\"item\":\"https:\/\/resetlab.uqo.ca\/en\/\"},{\"@type\":\"ListItem\",\"position\":2,\"name\":\"Contact\"}]},{\"@type\":\"WebSite\",\"@id\":\"https:\/\/resetlab.uqo.ca\/#website\",\"url\":\"https:\/\/resetlab.uqo.ca\/\",\"name\":\"Laboratoire de recherche sur les relations, la sexualit\u00e9 et les traumas (Reset)\",\"description\":\"RESET LAB\",\"publisher\":{\"@id\":\"https:\/\/resetlab.uqo.ca\/#organization\"},\"potentialAction\":[{\"@type\":\"SearchAction\",\"target\":{\"@type\":\"EntryPoint\",\"urlTemplate\":\"https:\/\/resetlab.uqo.ca\/?s={search_term_string}\"},\"query-input\":{\"@type\":\"PropertyValueSpecification\",\"valueRequired\":true,\"valueName\":\"search_term_string\"}}],\"inLanguage\":\"en-US\"},{\"@type\":\"Organization\",\"@id\":\"https:\/\/resetlab.uqo.ca\/#organization\",\"name\":\"Laboratoire de recherche sur les relations, la sexualit\u00e9 et les traumas (Reset)\",\"url\":\"https:\/\/resetlab.uqo.ca\/\",\"logo\":{\"@type\":\"ImageObject\",\"inLanguage\":\"en-US\",\"@id\":\"https:\/\/resetlab.uqo.ca\/#\/schema\/logo\/image\/\",\"url\":\"https:\/\/resetlab.uqo.ca\/wp-content\/uploads\/2016\/12\/logo_reset.png\",\"contentUrl\":\"https:\/\/resetlab.uqo.ca\/wp-content\/uploads\/2016\/12\/logo_reset.png\",\"width\":3298,\"height\":1394,\"caption\":\"Laboratoire de recherche sur les relations, la sexualit\u00e9 et les traumas (Reset)\"},\"image\":{\"@id\":\"https:\/\/resetlab.uqo.ca\/#\/schema\/logo\/image\/\"},\"sameAs\":[\"https:\/\/www.facebook.com\/profile.php?id=61550569136095\",\"https:\/\/x.com\/NoemieBigras\",\"https:\/\/www.instagram.com\/resetlab_uqo\/\"]}]}<\/script>\n<!-- \/ Yoast SEO plugin. -->","yoast_head_json":{"title":"Contact - Laboratoire de recherche sur les relations, la sexualit\u00e9 et les traumas (Reset)","robots":{"index":"index","follow":"follow","max-snippet":"max-snippet:-1","max-image-preview":"max-image-preview:large","max-video-preview":"max-video-preview:-1"},"canonical":"https:\/\/resetlab.uqo.ca\/en\/contact\/","og_locale":"en_US","og_type":"article","og_title":"Contact - Laboratoire de recherche sur les relations, la sexualit\u00e9 et les traumas (Reset)","og_description":"[vc_row full_width=&#8221;stretch_row_content&#8221; css=&#8221;.vc_custom_1692805794692{padding-top: 7.3em !important;padding-bottom: 9.7em !important;background-color: #f6f6f6 !important;}&#8221;][vc_column][\/vc_column][\/vc_row][vc_row full_width=&#8221;stretch_row&#8221; css=&#8221;.vc_custom_1692632843505{padding-top: 0.5em !important;padding-bottom: 0.51em !important;background-color: #eb6263 !important;}&#8221;][vc_column][\/vc_column][\/vc_row][vc_row][vc_column width=&#8221;1\/2&#8243;][vc_empty_space height=&#8221;100px&#8221; alter_height=&#8221;none&#8221; hide_on_mobile=&#8221;&#8221;][vc_empty_space height=&#8221;100px&#8221; alter_height=&#8221;none&#8221; hide_on_mobile=&#8221;&#8221;][\/vc_column][vc_column width=&#8221;1\/2&#8243;][vc_empty_space height=&#8221;100px&#8221; alter_height=&#8221;none&#8221; hide_on_mobile=&#8221;&#8221;][vc_empty_space height=&#8221;100px&#8221; alter_height=&#8221;none&#8221; hide_on_mobile=&#8221;&#8221;][\/vc_column][\/vc_row][vc_row full_width=&#8221;stretch_row_content_no_spaces&#8221; css=&#8221;.vc_custom_1692805463065{background-position: center !important;background-repeat: no-repeat !important;background-size: cover !important;}&#8221;][vc_column css=&#8221;.vc_custom_1692804980717{background-image: url(https:\/\/resetlab.uqo.ca\/wp-content\/uploads\/2023\/08\/Photo-facade-uqo-2022-copie.png?id=1667) !important;background-position: center !important;background-repeat: no-repeat !important;background-size: cover !important;}&#8221;][vc_empty_space height=&#8221;500px&#8221; alter_height=&#8221;none&#8221; hide_on_mobile=&#8221;&#8221;][\/vc_column][\/vc_row]","og_url":"https:\/\/resetlab.uqo.ca\/en\/contact\/","og_site_name":"Laboratoire de recherche sur les relations, la sexualit\u00e9 et les traumas (Reset)","article_publisher":"https:\/\/www.facebook.com\/profile.php?id=61550569136095","article_modified_time":"2023-09-08T15:30:19+00:00","twitter_card":"summary_large_image","twitter_site":"@NoemieBigras","twitter_misc":{"Est. reading time":"1 minute"},"schema":{"@context":"https:\/\/schema.org","@graph":[{"@type":"WebPage","@id":"https:\/\/resetlab.uqo.ca\/en\/contact\/","url":"https:\/\/resetlab.uqo.ca\/en\/contact\/","name":"Contact - Laboratoire de recherche sur les relations, la sexualit\u00e9 et les traumas (Reset)","isPartOf":{"@id":"https:\/\/resetlab.uqo.ca\/#website"},"datePublished":"2016-12-08T11:44:11+00:00","dateModified":"2023-09-08T15:30:19+00:00","breadcrumb":{"@id":"https:\/\/resetlab.uqo.ca\/en\/contact\/#breadcrumb"},"inLanguage":"en-US","potentialAction":[{"@type":"ReadAction","target":["https:\/\/resetlab.uqo.ca\/en\/contact\/"]}]},{"@type":"BreadcrumbList","@id":"https:\/\/resetlab.uqo.ca\/en\/contact\/#breadcrumb","itemListElement":[{"@type":"ListItem","position":1,"name":"Accueil","item":"https:\/\/resetlab.uqo.ca\/en\/"},{"@type":"ListItem","position":2,"name":"Contact"}]},{"@type":"WebSite","@id":"https:\/\/resetlab.uqo.ca\/#website","url":"https:\/\/resetlab.uqo.ca\/","name":"Laboratoire de recherche sur les relations, la sexualit\u00e9 et les traumas (Reset)","description":"RESET LAB","publisher":{"@id":"https:\/\/resetlab.uqo.ca\/#organization"},"potentialAction":[{"@type":"SearchAction","target":{"@type":"EntryPoint","urlTemplate":"https:\/\/resetlab.uqo.ca\/?s={search_term_string}"},"query-input":{"@type":"PropertyValueSpecification","valueRequired":true,"valueName":"search_term_string"}}],"inLanguage":"en-US"},{"@type":"Organization","@id":"https:\/\/resetlab.uqo.ca\/#organization","name":"Laboratoire de recherche sur les relations, la sexualit\u00e9 et les traumas (Reset)","url":"https:\/\/resetlab.uqo.ca\/","logo":{"@type":"ImageObject","inLanguage":"en-US","@id":"https:\/\/resetlab.uqo.ca\/#\/schema\/logo\/image\/","url":"https:\/\/resetlab.uqo.ca\/wp-content\/uploads\/2016\/12\/logo_reset.png","contentUrl":"https:\/\/resetlab.uqo.ca\/wp-content\/uploads\/2016\/12\/logo_reset.png","width":3298,"height":1394,"caption":"Laboratoire de recherche sur les relations, la sexualit\u00e9 et les traumas (Reset)"},"image":{"@id":"https:\/\/resetlab.uqo.ca\/#\/schema\/logo\/image\/"},"sameAs":["https:\/\/www.facebook.com\/profile.php?id=61550569136095","https:\/\/x.com\/NoemieBigras","https:\/\/www.instagram.com\/resetlab_uqo\/"]}]}},"_links":{"self":[{"href":"https:\/\/resetlab.uqo.ca\/en\/wp-json\/wp\/v2\/pages\/1946","targetHints":{"allow":["GET"]}}],"collection":[{"href":"https:\/\/resetlab.uqo.ca\/en\/wp-json\/wp\/v2\/pages"}],"about":[{"href":"https:\/\/resetlab.uqo.ca\/en\/wp-json\/wp\/v2\/types\/page"}],"author":[{"embeddable":true,"href":"https:\/\/resetlab.uqo.ca\/en\/wp-json\/wp\/v2\/users\/1"}],"replies":[{"embeddable":true,"href":"https:\/\/resetlab.uqo.ca\/en\/wp-json\/wp\/v2\/comments?post=1946"}],"version-history":[{"count":9,"href":"https:\/\/resetlab.uqo.ca\/en\/wp-json\/wp\/v2\/pages\/1946\/revisions"}],"predecessor-version":[{"id":2463,"href":"https:\/\/resetlab.uqo.ca\/en\/wp-json\/wp\/v2\/pages\/1946\/revisions\/2463"}],"wp:attachment":[{"href":"https:\/\/resetlab.uqo.ca\/en\/wp-json\/wp\/v2\/media?parent=1946"}],"curies":[{"name":"wp","href":"https:\/\/api.w.org\/{rel}","templated":true}]}}